{"id":147,"date":"2011-03-10T16:16:03","date_gmt":"2011-03-10T15:16:03","guid":{"rendered":"http:\/\/www.vergaderingalkmaar.nl\/?page_id=147"},"modified":"2019-11-13T01:37:07","modified_gmt":"2019-11-13T00:37:07","slug":"preek-6-maart-2011","status":"publish","type":"page","link":"https:\/\/www.vergaderingalkmaar.nl\/?page_id=147","title":{"rendered":"Preek zondag 6 maart 2011"},"content":{"rendered":"<p>\u00a0<\/p>\n<div style=\"mso-element: para-border-div; border: solid windowtext 1.0pt; mso-border-alt: solid windowtext .5pt; padding: 1.0pt 4.0pt 1.0pt 4.0pt;\">\n<p class=\"MsoNormal\" style=\"text-align: center; border: none; mso-border-alt: solid windowtext .5pt; padding: 0cm; mso-padding-alt: 1.0pt 4.0pt 1.0pt 4.0pt;\" align=\"center\"><span style=\"font-size: 14.0pt; mso-bidi-font-size: 11.0pt; mso-bidi-font-family: Tahoma; color: #3366ff;\">want naar dat alles zoeken de volkeren,<\/span><\/p>\n<\/p><\/div>\n<p class=\"MsoNormal\">\u00a0<\/p>\n<p class=\"MsoNormal\">Hoe druk kan een mens zijn! Met z\u2019n carri\u00e8re. Of met de pensioenonzekerheid. Of met de vakantiebestemming. Met de keuze van de volgende lease auto. Met lekker eten. Met geld. Zaken die je gedachten soms compleet in beslag kunnen nemen. De waan van de dag, maar o zo onontkoombaar. Zoals Anton van Duinkerken dichtte:<\/p>\n<p class=\"MsoNormal\">\u00a0<\/p>\n<p class=\"MsoNormal\" style=\"text-align: center;\" align=\"center\"><span style=\"mso-bidi-font-size: 10.0pt; color: #3366ff; mso-fareast-language: NL;\">Maar ik en gij waren niet daarbij,<\/span><\/p>\n<p class=\"MsoNormal\" style=\"text-align: center;\" align=\"center\"><span style=\"mso-bidi-font-size: 10.0pt; color: #3366ff; mso-fareast-language: NL;\">Ons trokken te vele zaken<\/span><\/p>\n<p class=\"MsoNormal\" style=\"text-align: center;\" align=\"center\"><span style=\"mso-bidi-font-size: 10.0pt; color: #3366ff; mso-fareast-language: NL;\">Naar aardse gewichtigdoenerij,<\/span><\/p>\n<p class=\"MsoNormal\" style=\"text-align: center;\" align=\"center\"><span style=\"mso-bidi-font-size: 10.0pt; color: #3366ff; mso-fareast-language: NL;\">Naar wereldse vermaken<\/span><\/p>\n<p class=\"MsoNormal\" style=\"text-align: center;\" align=\"center\"><span style=\"mso-bidi-font-size: 10.0pt; color: #3366ff; mso-fareast-language: NL;\">Of<span style=\"mso-spacerun: yes;\"> <\/span>naar onze zorgen voor drank en spijs.<\/span><\/p>\n<p class=\"MsoNormal\" style=\"text-align: center;\" align=\"center\"><span style=\"mso-bidi-font-size: 10.0pt; color: #3366ff; mso-fareast-language: NL;\">Kyri\u00eb Eleys<\/span><\/p>\n<p class=\"MsoNormal\">\u00a0<\/p>\n<p class=\"MsoNormal\">En dan lees je plotseling de woorden uit de grondwet van het Koninkrijk der hemelen (Matthe\u00fcs 6 : 25):<\/p>\n<p class=\"MsoNormal\" style=\"line-height: 13.0pt; mso-pagination: none; mso-layout-grid-align: none; text-autospace: none;\"><span style=\"mso-bidi-font-size: 11.0pt; mso-bidi-font-family: Tahoma; color: red;\">Daarom zeg ik u: weest niet bezorgd voor uw ziel over wat ge moet eten en niet voor uw lichaam over wat ge moet aantrekken; is de ziel niet m\u00e9\u00e9r dan het voedsel en het lichaam dan de kledij?-<\/span><\/p>\n<p class=\"MsoNormal\"><span style=\"mso-bidi-font-size: 11.0pt; mso-bidi-font-family: Tahoma; color: red;\"> <\/span><\/p>\n<p class=\"MsoNormal\"><span style=\"mso-bidi-font-size: 11.0pt; mso-bidi-font-family: Tahoma;\">In Gods Koninkrijk spelen die aardse zaken geen rol. In dat rijk gaat het om God en om God alleen. Om het vervullen van Gods wil. Om het leven voor zijn aanschijn. Het gaat erom dat we ons koesteren in Gods zorg en aandacht. Elke dag zorgt hij voor ons. En aan die zorg mogen we ons in alle ontspanning overgeven. <\/span><\/p>\n<p class=\"MsoNormal\"><span style=\"mso-bidi-font-size: 11.0pt; mso-bidi-font-family: Tahoma;\"> <\/span><\/p>\n<p class=\"MsoNormal\"><span style=\"mso-bidi-font-size: 11.0pt; mso-bidi-font-family: Tahoma;\">Beseffen we wel hoezeer God bij ons betrokken is? Hoe dicht hij bij ons wil staan? In psalm 139 zingt David \u2013 in een musiceerstuk \u2013 daarover: <\/span><\/p>\n<p class=\"MsoNormal\"><span style=\"mso-bidi-font-size: 11.0pt; mso-bidi-font-family: Tahoma;\"> <\/span><\/p>\n<p class=\"MsoNormal\" style=\"line-height: 13.0pt; mso-pagination: none; mso-layout-grid-align: none; text-autospace: none;\"><span style=\"mso-bidi-font-size: 11.0pt; mso-bidi-font-family: Tahoma; color: red;\">ENE, gij h\u00e9bt mij doorgr\u00f3nd, g\u00edj zijt het d\u00ede mij k\u00e9nt. Gij kent mijn z\u00edtten, mijn \u00f3pstaan, hebt begr\u00e9pen mijn d\u00e9nken van v\u00e9rre.<\/span><\/p>\n<p class=\"MsoNormal\"><span style=\"mso-bidi-font-size: 11.0pt; mso-bidi-font-family: Tahoma;\"> <\/span><\/p>\n<p class=\"MsoNormal\"><span style=\"mso-bidi-font-size: 11.0pt; mso-bidi-font-family: Tahoma;\">God kent ons volkomen. Alle blije gedachten. Maar ook al onze zorgen. David schrijft daar met grote blijheid over. De actieve betrokkenheid van God is voor David een bron van grote vreugde. <\/span><\/p>\n<p class=\"MsoNormal\"><span style=\"mso-bidi-font-size: 11.0pt; mso-bidi-font-family: Tahoma;\">Jammer genoeg beseffen wij lang niet altijd wat een kracht die altijddurende betrokkenheid van God bij ons is. Wij beseffen lang niet altijd dat God ons draagt. We hebben dat soms niet eens door. We zijn nogal ens blind voor Gods leiding en zorg in ons leven.<\/span><\/p>\n<p class=\"MsoNormal\"><span style=\"mso-bidi-font-size: 11.0pt; mso-bidi-font-family: Tahoma;\"> <\/span><\/p>\n<p class=\"MsoNormal\"><span style=\"mso-bidi-font-size: 11.0pt; mso-bidi-font-family: Tahoma;\">Maar met David mogen we uitzien naar het grandioze einde dat God ons zal geven:<\/span><\/p>\n<p class=\"MsoNormal\"><span style=\"mso-bidi-font-size: 11.0pt; mso-bidi-font-family: Tahoma;\"> <\/span><\/p>\n<p class=\"MsoNormal\" style=\"line-height: 13.0pt; mso-pagination: none; mso-layout-grid-align: none; text-autospace: none;\"><span style=\"mso-bidi-font-size: 11.0pt; mso-bidi-font-family: Tahoma; color: red;\">Doorgrond mij, God, en k\u00e9n mijn h\u00e1rt, t\u00f3ets mij en k\u00e9n mijn ged\u00e1chten! <\/span><\/p>\n<p class=\"MsoNormal\" style=\"line-height: 13.0pt; mso-pagination: none; mso-layout-grid-align: none; text-autospace: none;\"><span style=\"mso-bidi-font-size: 11.0pt; mso-bidi-font-family: Tahoma; color: red;\">Wil zien of ik op een w\u00e9g van sm\u00e1rt ben, en l\u00e9id mij op een w\u00e9g naar de \u00e9euwigheid!<\/span><\/p>\n<p class=\"MsoNormal\" style=\"line-height: 13.0pt; mso-pagination: none; mso-layout-grid-align: none; text-autospace: none;\"><span style=\"mso-bidi-font-size: 11.0pt; mso-bidi-font-family: Tahoma; color: red;\"> <\/span><\/p>\n<p class=\"MsoNormal\" style=\"line-height: 13.0pt; mso-pagination: none; mso-layout-grid-align: none; text-autospace: none;\"><span style=\"mso-bidi-font-size: 11.0pt; mso-bidi-font-family: Tahoma;\">David vraagt \u201cMaak me duidelijk wat er mis is met me. En help me dan verder.\u201d En hij vraagt dat zonder angst aan zijn Vader. God is veilig. Ook als je zelf heel goed weet dat je niet deugt.<\/span><\/p>\n<p class=\"MsoNormal\" style=\"line-height: 13.0pt; mso-pagination: none; mso-layout-grid-align: none; text-autospace: none;\"><span style=\"mso-bidi-font-size: 11.0pt; mso-bidi-font-family: Tahoma; color: red;\"> <\/span><\/p>\n<div style=\"mso-element: para-border-div; border: solid windowtext 1.0pt; mso-border-alt: solid windowtext .5pt; padding: 1.0pt 4.0pt 1.0pt 4.0pt;\">\n<p class=\"MsoNormal\" style=\"mso-pagination: none; mso-layout-grid-align: none; text-autospace: none; border: none; mso-border-alt: solid windowtext .5pt; padding: 0cm; mso-padding-alt: 1.0pt 4.0pt 1.0pt 4.0pt;\"><em style=\"mso-bidi-font-style: normal;\"><span style=\"mso-bidi-font-size: 13.0pt; mso-bidi-font-family: Helvetica;\">Toen <\/span><\/em><em style=\"mso-bidi-font-style: normal;\"><span style=\"mso-bidi-font-size: 13.0pt; font-family: \">The Times<\/span><\/em><em style=\"mso-bidi-font-style: normal;\"><span style=\"mso-bidi-font-size: 13.0pt; mso-bidi-font-family: Helvetica;\"> een aantal eminente schrijvers vroeg om een essay te schrijven over het thema <\/span><\/em><\/p>\n<p class=\"MsoNormal\" style=\"mso-pagination: none; mso-layout-grid-align: none; text-autospace: none; border: none; mso-border-alt: solid windowtext .5pt; padding: 0cm; mso-padding-alt: 1.0pt 4.0pt 1.0pt 4.0pt;\"><em style=\"mso-bidi-font-style: normal;\"><span style=\"mso-bidi-font-size: 13.0pt; mso-bidi-font-family: Helvetica;\">\u201c Wat is er mis met de wereld?\u201d schreef G.K. Chesterton zijn bijdrage in de vorm van een korte brief:<br style=\"mso-special-character: line-break;\" \/> <br style=\"mso-special-character: line-break;\" \/> <\/span><\/em><\/p>\n<p class=\"MsoNormal\" style=\"mso-pagination: none; mso-layout-grid-align: none; text-autospace: none; border: none; mso-border-alt: solid windowtext .5pt; padding: 0cm; mso-padding-alt: 1.0pt 4.0pt 1.0pt 4.0pt;\"><em style=\"mso-bidi-font-style: normal;\"><span style=\"mso-bidi-font-size: 13.0pt; mso-bidi-font-family: Helvetica;\"><span style=\"mso-spacerun: yes;\"> <\/span>Geachte redactie, Ik. Hoogachtend, G.K. Chesterton. <\/span><\/em><em style=\"mso-bidi-font-style: normal;\"><\/em><\/p>\n<\/p><\/div>\n<p class=\"MsoNormal\"><span style=\"mso-bidi-font-size: 11.0pt; mso-bidi-font-family: Tahoma;\"> <\/span><\/p>\n<p class=\"MsoNormal\" style=\"line-height: 13.0pt; mso-pagination: none; mso-layout-grid-align: none; text-autospace: none;\"><span style=\"mso-bidi-font-size: 11.0pt; mso-bidi-font-family: Tahoma;\">En hoe blijkt de betrokkenheid van God niet in de bijbelverhalen. Zoals de geschiedenis van de blindgeborene( Joh. 9). Als hij uit de synagoge wordt gegooid, zoekt Jezus \u2018m op zodra hij ervan hoort. Zo kent God ieders zorgen en verdriet. Hij maakt die tot zijn eigen zorgen en verdriet. En leeft intenser met ons mee dan wie dan ook op aarde. Durven wij ons overgeven?<\/span><\/p>\n<p class=\"MsoNormal\" style=\"line-height: 13.0pt; mso-pagination: none; mso-layout-grid-align: none; text-autospace: none;\"><span style=\"mso-bidi-font-size: 11.0pt; mso-bidi-font-family: Tahoma;\"> <\/span><\/p>\n<p class=\"MsoNormal\" style=\"line-height: 13.0pt; mso-pagination: none; mso-layout-grid-align: none; text-autospace: none;\"><span style=\"mso-bidi-font-size: 11.0pt; mso-bidi-font-family: Tahoma;\"> <\/span><\/p>\n<div style=\"mso-element: para-border-div; border: solid windowtext 1.0pt; mso-border-alt: solid windowtext .5pt; padding: 1.0pt 4.0pt 1.0pt 4.0pt;\">\n<p class=\"MsoNormal\" style=\"text-align: center; mso-line-height-alt: 13.0pt; mso-pagination: none; mso-layout-grid-align: none; text-autospace: none; border: none; mso-border-alt: solid windowtext .5pt; padding: 0cm; mso-padding-alt: 1.0pt 4.0pt 1.0pt 4.0pt;\" align=\"center\"><span style=\"font-size: 14.0pt; mso-bidi-font-size: 11.0pt; mso-bidi-font-family: Tahoma; color: #3366ff;\">-uw hemelse Vader w\u00e9\u00e9t immers dat ge dit alles nodig hebt!-<\/span><\/p>\n<\/p><\/div>\n<p>\u00a0<\/p>\n","protected":false},"excerpt":{"rendered":"<p>\u00a0 want naar dat alles zoeken de volkeren, \u00a0 Hoe druk kan een mens zijn! Met z\u2019n carri\u00e8re. Of met de pensioenonzekerheid. Of met de vakantiebestemming. Met de keuze van de volgende lease auto. Met lekker eten. Met geld. Zaken die je gedachten soms compleet in beslag kunnen nemen. De waan van de dag, maar &hellip; <\/p>\n<p class=\"link-more\"><a href=\"https:\/\/www.vergaderingalkmaar.nl\/?page_id=147\" class=\"more-link\"><span class=\"screen-reader-text\">&#8220;Preek zondag 6 maart 2011&#8221;<\/span> verder lezen<\/a><\/p>\n","protected":false},"author":1,"featured_media":0,"parent":588,"menu_order":88,"comment_status":"closed","ping_status":"open","template":"","meta":[],"_links":{"self":[{"href":"https:\/\/www.vergaderingalkmaar.nl\/index.php?rest_route=\/wp\/v2\/pages\/147"}],"collection":[{"href":"https:\/\/www.vergaderingalkmaar.nl\/index.php?rest_route=\/wp\/v2\/pages"}],"about":[{"href":"https:\/\/www.vergaderingalkmaar.nl\/index.php?rest_route=\/wp\/v2\/types\/page"}],"author":[{"embeddable":true,"href":"https:\/\/www.vergaderingalkmaar.nl\/index.php?rest_route=\/wp\/v2\/users\/1"}],"replies":[{"embeddable":true,"href":"https:\/\/www.vergaderingalkmaar.nl\/index.php?rest_route=%2Fwp%2Fv2%2Fcomments&post=147"}],"version-history":[{"count":1,"href":"https:\/\/www.vergaderingalkmaar.nl\/index.php?rest_route=\/wp\/v2\/pages\/147\/revisions"}],"predecessor-version":[{"id":1676,"href":"https:\/\/www.vergaderingalkmaar.nl\/index.php?rest_route=\/wp\/v2\/pages\/147\/revisions\/1676"}],"up":[{"embeddable":true,"href":"https:\/\/www.vergaderingalkmaar.nl\/index.php?rest_route=\/wp\/v2\/pages\/588"}],"wp:attachment":[{"href":"https:\/\/www.vergaderingalkmaar.nl\/index.php?rest_route=%2Fwp%2Fv2%2Fmedia&parent=147"}],"curies":[{"name":"wp","href":"https:\/\/api.w.org\/{rel}","templated":true}]}}