{"id":1454,"date":"2018-12-16T23:06:37","date_gmt":"2018-12-16T22:06:37","guid":{"rendered":"http:\/\/www.vergaderingalkmaar.nl\/?page_id=1454"},"modified":"2018-12-16T23:06:37","modified_gmt":"2018-12-16T22:06:37","slug":"preek-zondag-16-december-2018","status":"publish","type":"page","link":"https:\/\/www.vergaderingalkmaar.nl\/?page_id=1454","title":{"rendered":"Preek zondag 16 december 2018"},"content":{"rendered":"<h3 style=\"text-align: center;\"><span style=\"color: #0000ff;\"><strong>Ver van de troon der tronen en &#8217;s hemels zonneschijn<\/strong><\/span><\/h3>\n<p>&nbsp;<\/p>\n<p>De uitdrukking \u2018<em>God wil bij mensen wonen\u2019<\/em>kom je in letterlijke en zeker qua strekking nogal eens tegen in de Bijbel.<\/p>\n<p>In het scheppingsverhaal al, om te beginnen. <span style=\"color: #ff0000;\">God schept<\/span> (op de zesde dag) <span style=\"color: #ff0000;\">de mensheid in zijn beeld, in het beeld van God heeft hij hem geschapen; mannelijk en vrouwelijk heeft hij hen geschapen\u2026\u2026God beziet al wat hij heeft gemaakt en zie, z\u00e9\u00e9r goed!<\/span> Dat woord <span style=\"color: #ff0000;\">z\u00e9\u00e9r<\/span> staat alleen bij de zesde dag. God had kennelijk ontzettend veel plezier in de man-en-vrouw die Hij had geschapen. Psalm 8 zegt dat zo: <span style=\"color: #ff0000;\">Weinig laat ge hem ontbreken, of hij is God,<\/span><\/p>\n<p>&nbsp;<\/p>\n<p>Waarom schiep de almachtige God, die van niets en niemand afhankelijk is, toch de mannelijke en vrouwelijke mens? Zou het niet zijn omdat God een God van relatie is? Omdat God liefde is? En omdat liefde eerder een kenmerk is van een relatie dan een kenmerk van een persoon in zichzelf?<\/p>\n<p>&nbsp;<\/p>\n<p>Die <em>bijna goddelijke<\/em>mens wilde van dat <em>bijna<\/em>af en overtrad Gods verbod van het eten van de boom van kennis van goed en kwaad. Ogenblikkelijk beseften Adam en Eva hun grote fout en ze verstopten zich voor God. Maar God neemt geen afscheid van de mensen. In tegendeel. <span style=\"color: #ff0000;\">God roept tot de mens en zegt tot hem: waar ben je?\u00a0<\/span>Vanaf dat moment kon God echter alleen nog maar bij mensen wonen als er een offer was gebracht. Voor Adam en Eva maakte God kleren van huiden (er waren dus dieren geofferd tot dat doel) en bekleedde hen daarmee.<\/p>\n<p>&nbsp;<\/p>\n<p>Vervolgens gaf God wetten en regels aan de mens. En ook daar waren offers nodig: de regels werden constant overtreden (Rom. 3: 18: <span style=\"color: #ff0000;\">\u2018Vreze voor God staat hun niet voor ogen\u2019<\/span> (Ps. 36,2)!<\/p>\n<p>&nbsp;<\/p>\n<p>God liet zijn volk Isra\u00ebl een tabernakel (soort mobiele tempel) bouwen. Ex. 25: 8: <span style=\"color: #ff0000;\">Maken zullen zij voor mij een heiligdom: wonen zal ik in hun midden;<\/span> Dat God daar woonde was zichtbaar doordat er een Wolk boven de tabernakel hing. Als de Wolk opsteeg trok het volk verder. En anders braken ze hun kampement niet op.<\/p>\n<p>&nbsp;<\/p>\n<p>Aangekomen in het beloofde land bouwde Isra\u00ebl (koning Salomo was de bouwer) een tempel voor God, in Jeruzalem. En God spreekt (1 Kon. 6: 13): <span style=\"color: #ff0000;\">en wonen zal ik bij de zonen en dochters van Isra\u00ebl,- en mijn gemeente Isra\u00ebl niet verlaten!<\/span> Maar daar ging wel een voorwaarde aan vooraf: <span style=\"color: #ff0000;\">als je voortgaat met mijn wetten, en mijn rechtsregels doet en al mijn geboden zult bewaren door daarmee voort te gaan,<\/span><\/p>\n<p>&nbsp;<\/p>\n<p>Gods geboden \u2013 ze zijn ten goede voor de mens \u2013 moeten worden nageleefd. Nog steeds. En de Wolk \u2013 Gods glorie \u2013 laat zich zien. Zie 2 Kron. 5: 13: <span style=\"color: #ff0000;\">de glorie van de Ene vervult het huis van God.\u00a0<\/span>Maar Isra\u00ebl verviel tot afgodendienst. De tempel van Salomo werd verwoest. Door Nebukadnezar. En de tweede tempel \u2013 die van Herodes \u2013 had geen Ark van het Verbond en dus ook geen Wolk.<\/p>\n<p>&nbsp;<\/p>\n<p>Maar God wilde bij de mensen wonen. Maria krijgt de boodschap (Luk. 1: 35): <span style=\"color: #ff0000;\">kracht van de Allerhoogste zal je overschaduwen;<\/span> Als een Wolk! Mattheus zegt het als volgt (1: 23): <span style=\"color: #ff0000;\">zie, de maagd zal het in de schoot krijgen en een zoon voortbrengen, en als zijn naam zullen ze uitroepen \u2018Immanoe\u00ebl\u2019 (Jes. 7,14); vertaald is dat: met ons is God!<\/span> God is met ons! Hij woont bij ons. Jezus is God zelf. Hij wordt als pasgeboren baby aanbeden door engelen en herders. God is altijd bij ons (Matth. 28: 20): <span style=\"color: #ff0000;\">zie, \u00edk ben met u, al de dagen, tot aan de voleinding van de wereldtijd!<\/span> God beloofde dat aan Mozes. Aan Jozua. En ook aan ons.<\/p>\n<p>God noemt ons, zijn gemeente, \u2018zijn huisgenoten\u2019 (Ef. 2: 20). In Zijn gemeente wonen <span style=\"color: #ff0000;\">\u2018we samen met alle heiligen, \u2026..om vervuld te worden tot aan heel de volheid van God.\u2019<\/span> De Heer Jezus wil ons bij zich hebben, getuige Joh. 17: 24: <span style=\"color: #ff0000;\">het is mijn wil dat waar \u00edk ben ook z\u00edj wezen mogen, m\u00e9t mij,<\/span><\/p>\n<p>&nbsp;<\/p>\n<p>Aan het einde der tijden (Op. 21: 3, 4): zal God alle tranen afwissen en zullen wij bij God wonen: <span style=\"color: #ff0000;\">de tent van God is bij de mensen, en hij zal bij hen wonen en zij zullen zijn gemeenten zijn en God zelf zal bij hen zijn;<\/span><\/p>\n<p>&nbsp;<\/p>\n<p>Wat een eindeloze troost. God die zijn volk nooit alleen laat. Die zijn gemeente altijd in de armen sluit. Die \u2018<em>nooit laat varen het werk van Zijn handen.<\/em>\u2019 Die bij ons wil wonen. Die Liefde is en met ons een onverbrekelijke relatie aangaat.<span style=\"color: #0000ff;\">\u00a0&#8220;<em>Komt laten wij aanbidden die Koning<\/em>!\u201d <\/span><\/p>\n<p>&nbsp;<\/p>\n<h3 style=\"text-align: center;\"><span style=\"color: #0000ff;\"><strong>wilt Ge onder mensen wonen, der mensen broeder zijn. <\/strong><\/span><\/h3>\n<h6 style=\"text-align: right;\">\u00a0\u00a0\u00a0\u00a0\u00a0\u00a0\u00a0\u00a0\u00a0\u00a0\u00a0\u00a0\u00a0\u00a0\u00a0\u00a0\u00a0\u00a0\u00a0\u00a0\u00a0\u00a0\u00a0\u00a0\u00a0\u00a0\u00a0\u00a0\u00a0\u00a0\u00a0\u00a0\u00a0\u00a0\u00a0\u00a0\u00a0\u00a0\u00a0\u00a0\u00a0\u00a0\u00a0\u00a0\u00a0\u00a0\u00a0\u00a0\u00a0\u00a0\u00a0\u00a0\u00a0\u00a0\u00a0\u00a0\u00a0\u00a0\u00a0\u00a0\u00a0\u00a0\u00a0\u00a0\u00a0\u00a0\u00a0\u00a0\u00a0\u00a0\u00a0\u00a0\u00a0\u00a0\u00a0\u00a0\u00a0\u00a0\u00a0\u00a0\u00a0\u00a0\u00a0\u00a0\u00a0\u00a0\u00a0\u00a0\u00a0\u00a0\u00a0\u00a0\u00a0\u00a0\u00a0\u00a0\u00a0\u00a0\u00a0\u00a0\u00a0\u00a0\u00a0\u00a0\u00a0\u00a0\u00a0\u00a0\u00a0\u00a0\u00a0\u00a0\u00a0\u00a0\u00a0\u00a0\u00a0\u00a0\u00a0\u00a0\u00a0\u00a0\u00a0\u00a0\u00a0\u00a0\u00a0\u00a0\u00a0\u00a0\u00a0\u00a0\u00a0\u00a0\u00a0\u00a0\u00a0\u00a0\u00a0\u00a0\u00a0\u00a0\u00a0\u00a0\u00a0\u00a0\u00a0\u00a0\u00a0\u00a0LvdK 1973, 117 (3)<\/h6>\n","protected":false},"excerpt":{"rendered":"<p>Ver van de troon der tronen en &#8217;s hemels zonneschijn &nbsp; De uitdrukking \u2018God wil bij mensen wonen\u2019kom je in letterlijke en zeker qua strekking nogal eens tegen in de Bijbel. In het scheppingsverhaal al, om te beginnen. God schept (op de zesde dag) de mensheid in zijn beeld, in het beeld van God heeft &hellip; <\/p>\n<p class=\"link-more\"><a href=\"https:\/\/www.vergaderingalkmaar.nl\/?page_id=1454\" class=\"more-link\"><span class=\"screen-reader-text\">&#8220;Preek zondag 16 december 2018&#8221;<\/span> verder lezen<\/a><\/p>\n","protected":false},"author":3,"featured_media":0,"parent":588,"menu_order":0,"comment_status":"closed","ping_status":"closed","template":"","meta":[],"_links":{"self":[{"href":"https:\/\/www.vergaderingalkmaar.nl\/index.php?rest_route=\/wp\/v2\/pages\/1454"}],"collection":[{"href":"https:\/\/www.vergaderingalkmaar.nl\/index.php?rest_route=\/wp\/v2\/pages"}],"about":[{"href":"https:\/\/www.vergaderingalkmaar.nl\/index.php?rest_route=\/wp\/v2\/types\/page"}],"author":[{"embeddable":true,"href":"https:\/\/www.vergaderingalkmaar.nl\/index.php?rest_route=\/wp\/v2\/users\/3"}],"replies":[{"embeddable":true,"href":"https:\/\/www.vergaderingalkmaar.nl\/index.php?rest_route=%2Fwp%2Fv2%2Fcomments&post=1454"}],"version-history":[{"count":1,"href":"https:\/\/www.vergaderingalkmaar.nl\/index.php?rest_route=\/wp\/v2\/pages\/1454\/revisions"}],"predecessor-version":[{"id":1455,"href":"https:\/\/www.vergaderingalkmaar.nl\/index.php?rest_route=\/wp\/v2\/pages\/1454\/revisions\/1455"}],"up":[{"embeddable":true,"href":"https:\/\/www.vergaderingalkmaar.nl\/index.php?rest_route=\/wp\/v2\/pages\/588"}],"wp:attachment":[{"href":"https:\/\/www.vergaderingalkmaar.nl\/index.php?rest_route=%2Fwp%2Fv2%2Fmedia&parent=1454"}],"curies":[{"name":"wp","href":"https:\/\/api.w.org\/{rel}","templated":true}]}}