{"id":1449,"date":"2018-12-02T22:02:45","date_gmt":"2018-12-02T21:02:45","guid":{"rendered":"http:\/\/www.vergaderingalkmaar.nl\/?page_id=1449"},"modified":"2018-12-02T22:02:45","modified_gmt":"2018-12-02T21:02:45","slug":"preek-zondag-2-december-2018","status":"publish","type":"page","link":"https:\/\/www.vergaderingalkmaar.nl\/?page_id=1449","title":{"rendered":"Preek zondag 2 december 2018"},"content":{"rendered":"<h3 style=\"text-align: center;\"><span style=\"color: #0000ff;\"><strong>Ik vraag mijn leven en het leven van mijn volk, <\/strong><\/span>(Ester)<\/h3>\n<p>&nbsp;<\/p>\n<p><strong>Ester: korte samenvatting vooraf<\/strong><\/p>\n<p>Koning Ahasveros is gehuwd met\u00a0Vasthi, en deze weigert tijdens een feest aan de verzamelde gasten haar schoonheid te tonen, waarop zij door de koning verstoten wordt. Hadassa wordt uit een groot aantal kandidates door de koning gekozen als zijn nieuwe vrouw. Zij krijgt de Perzische naam Esther.<\/p>\n<p>Mordechai, de neef en voogd van Ester, werkt in de poort van de koning en ontdekt daar dat twee hovelingen een aanslag tegen de koning beramen. Hij meldt dat en de samenzweerders worden ter dood gebracht.<\/p>\n<p>Ahasveros benoemt de\u00a0Amalekiet\u00a0Haman\u00a0tot grootvizier. De verwaande Haman eist dat iedereen voor hem buigt en maakt zich kwaad omdat de Joodse Mordechai dat niet doet. Hij laat een wet uitvaardigen waarin staat dat het hele Joodse volk uitgeroeid moet worden, en wel op een door het lot bepaalde datum. Haman weet echter niet dat Ester ook tot dit volk behoort.<\/p>\n<p>Op aandringen van Mordechai probeert Ester in te grijpen. Ze neemt het risico dat ze ter dood veroordeeld wordt omdat ze ongevraagd bij de koning komt. Ze nodigt de koning en Haman uit voor de maaltijd. Tijdens de maaltijd vraagt de koning wat Esters wens is, maar Ester beantwoordt die vraag niet direct. In plaats daarvan vraagt ze de koning en Haman de volgende dag weer bij haar te komen eten.<\/p>\n<p>Haman is de verdere dag in een vrolijke stemming. Hij heeft een belangrijke functie en hij is zelfs twee keer door de koningin te eten gevraagd! Hij blijft zich echter ergeren aan de Jood Mordechai, die niet voor hem wil buigen. Hoewel hij al geregeld heeft dat het hele Joodse volk wordt uitgeroeid, besluit hij, op aandringen van zijn vrouw, een paal gereed te maken om Mordechai aan op te hangen. Hij zal de koning de volgende ochtend vragen om het vonnis te bekrachtigen.<\/p>\n<p>Die nacht kan de koning niet slapen en hij laat zich de\u00a0kronieken\u00a0voorlezen. Zo wordt hij eraan herinnerd hoe Mordechai enige tijd geleden een aanslag had verijdeld, en dat hij daarvoor nooit beloond is. De koning vindt dat dit verzuim moet worden goedgemaakt. &#8217;s Morgens komt Haman bij de koning, want hij wil deze de goedkeuring vragen voor het doodvonnis van Mordechai, maar voordat Haman aan het woord komt spreekt de koning zelf tot hem. Die zegt namelijk dat hij iemand wil huldigen en vraagt Haman hoe hij dat zou kunnen doen. Haman denkt dat het eerbetoon hem ten deel zal vallen en zegt wat hij het liefste wil: een eretocht door de stad. Daarop geeft de koning hem opdracht een eretocht aan Mordechai te geven. Het is niet duidelijk of Haman weet waarvoor Mordechai gehuldigd wordt, maar het spreekt vanzelf dat Haman zijn plannen nu voor zich houdt.<\/p>\n<p><strong>De maaltijd: een paar parallellen met het Nieuwe Testament<\/strong><\/p>\n<p>Die avond dineren de koning en Haman opnieuw bij Ester. De spanning is te snijden.<\/p>\n<p>Dan vraagt de koning: \u2018Wat is uw vraag, koningin Esther? Het zal u gegeven worden.\u2019 En wat is je verzoek? Het zal ingewilligd worden, al kost het mij de helft van mijn koninkrijk.\u2019 Ester antwoordt heel precies op die vraag: \u2018Als ik genade gevonden heb in uw ogen en als het de koning goeddunkt, laat mij dan op mijn vraag 1) mijn leven gegeven worden en 2) het leven van mijn volk, op mijn verzoek\u2019, zo klinkt het. Want wij zijn verkocht om verdelgd, vermoord en uitgeroeid te worden.\u2019<\/p>\n<p><span style=\"color: #0000ff;\">Onwillekeurig denken we dan aan die andere maaltijd, waar Jezus zegt:<\/span> <span style=\"color: #ff0000;\">Vader,- wat gij mij hebt gegeven, daarvan is het mijn wil dat waar \u00edk ben ook z\u00edj wezen mogen die gij mij hebt gegeven, m\u00e9t mij,<\/span><\/p>\n<p>&nbsp;<\/p>\n<p>De koning laat Haman ophangen aan de paal die hij voor Mordechai had bedoeld. En het over de Joden uitgevaardigde vonnis wordt niet voltrokken. <span style=\"color: #0000ff;\">Zoals wij door geloof veilig zijn in Christus.<\/span><\/p>\n<p>&nbsp;<\/p>\n<p>De Joden stellen \u2013 tot op vandaag \u2013 het Poerimfeest in:<\/p>\n<ol>\n<li>Dat begint met vasten (zoals Esther en de Joden deden voordat Esther naar de koning ging).<\/li>\n<li>Het boek Esther wordt voorgelezen. Zelf lezen telt niet. Je moet het horen voorlezen!<\/li>\n<li>En \u00e9\u00e9n van de verplichtingen van het Poerimfeest is om een feestmaal te consumeren!<\/li>\n<\/ol>\n<p><span style=\"color: #0000ff;\">Een feestmaal consumeren. Dat doen wij christenen ook<\/span>. <span style=\"color: #ff0000;\">Want ook Christus, ons Paaslam, is geslacht. Laten wij daarom feestvieren<\/span>.<span style=\"color: #0000ff;\">Een maaltijd waarbij we gedenken dat Jezus zich op leven en dood voor ons heeft ingezet. Want wij begrijpen toch dat het God om ons en ons leven begonnen is en dat Hijzelf het kwaad van ons heeft weggedaan? En dus consumeren wij Gods maaltijd. Wij zijn hier niet alleen om Gods woorden te horen. Wij zijn er vooral om zijn daden van bevrijding en vergeving te ontvangen, te gedenken, te eren. Te consumeren. Tot zijn gedachtenis.<\/span><\/p>\n<p>&nbsp;<\/p>\n<h3 style=\"text-align: center;\"><span style=\"color: #0000ff;\"><strong>het is mijn wil dat waar \u00edk ben <\/strong><\/span><\/h3>\n<h3 style=\"text-align: center;\"><span style=\"color: #0000ff;\"><strong>ook z\u00edj wezen mogen <\/strong><strong>die gij mij hebt gegeven, <\/strong><span style=\"color: #000000;\">(Jezus)<\/span><\/span><\/h3>\n","protected":false},"excerpt":{"rendered":"<p>Ik vraag mijn leven en het leven van mijn volk, (Ester) &nbsp; Ester: korte samenvatting vooraf Koning Ahasveros is gehuwd met\u00a0Vasthi, en deze weigert tijdens een feest aan de verzamelde gasten haar schoonheid te tonen, waarop zij door de koning verstoten wordt. Hadassa wordt uit een groot aantal kandidates door de koning gekozen als zijn &hellip; <\/p>\n<p class=\"link-more\"><a href=\"https:\/\/www.vergaderingalkmaar.nl\/?page_id=1449\" class=\"more-link\"><span class=\"screen-reader-text\">&#8220;Preek zondag 2 december 2018&#8221;<\/span> verder lezen<\/a><\/p>\n","protected":false},"author":3,"featured_media":0,"parent":588,"menu_order":0,"comment_status":"closed","ping_status":"closed","template":"","meta":[],"_links":{"self":[{"href":"https:\/\/www.vergaderingalkmaar.nl\/index.php?rest_route=\/wp\/v2\/pages\/1449"}],"collection":[{"href":"https:\/\/www.vergaderingalkmaar.nl\/index.php?rest_route=\/wp\/v2\/pages"}],"about":[{"href":"https:\/\/www.vergaderingalkmaar.nl\/index.php?rest_route=\/wp\/v2\/types\/page"}],"author":[{"embeddable":true,"href":"https:\/\/www.vergaderingalkmaar.nl\/index.php?rest_route=\/wp\/v2\/users\/3"}],"replies":[{"embeddable":true,"href":"https:\/\/www.vergaderingalkmaar.nl\/index.php?rest_route=%2Fwp%2Fv2%2Fcomments&post=1449"}],"version-history":[{"count":1,"href":"https:\/\/www.vergaderingalkmaar.nl\/index.php?rest_route=\/wp\/v2\/pages\/1449\/revisions"}],"predecessor-version":[{"id":1450,"href":"https:\/\/www.vergaderingalkmaar.nl\/index.php?rest_route=\/wp\/v2\/pages\/1449\/revisions\/1450"}],"up":[{"embeddable":true,"href":"https:\/\/www.vergaderingalkmaar.nl\/index.php?rest_route=\/wp\/v2\/pages\/588"}],"wp:attachment":[{"href":"https:\/\/www.vergaderingalkmaar.nl\/index.php?rest_route=%2Fwp%2Fv2%2Fmedia&parent=1449"}],"curies":[{"name":"wp","href":"https:\/\/api.w.org\/{rel}","templated":true}]}}