{"id":1399,"date":"2018-07-29T20:48:30","date_gmt":"2018-07-29T19:48:30","guid":{"rendered":"http:\/\/www.vergaderingalkmaar.nl\/?page_id=1399"},"modified":"2018-07-29T20:48:30","modified_gmt":"2018-07-29T19:48:30","slug":"preek-zondag-29-juli-2018","status":"publish","type":"page","link":"https:\/\/www.vergaderingalkmaar.nl\/?page_id=1399","title":{"rendered":"Preek zondag 29 juli 2018"},"content":{"rendered":"<h3 style=\"text-align: center;\"><span style=\"color: #0000ff;\"><strong>E\u00e9n ding vroeg ik van de Ene:\u00a0te zetelen in het huis\u00a0van de\u00a0Ene<\/strong><\/span><\/h3>\n<p>&nbsp;<\/p>\n<p>&nbsp;<\/p>\n<p>Gods eigen natuur, Gods wezen, is liefde. Onbegrijpelijke liefde; niet met het verstand te vatten, maar wel te ervaren door ieder hart dat open staat voor openbaring van de Heilige Geest. Derek Prince schreef een boekje over Gods onbegrijpelijke (Engels \u2018<em>extravagant love<\/em>\u2019) liefde<\/p>\n<p>&nbsp;<\/p>\n<p>De auteur laat vanuit het de bijbel zien welke prijs God betaalde om Zijn liefde te bewijzen. Gods liefde omschrijft hij met de woorden grenzeloos, buitengewoon en overvloedig.<\/p>\n<p>&nbsp;<\/p>\n<p>Alle menselijke liefde die we op aarde aantreffen vindt zijn oorsprong in en is een afspiegeling van Gods allesomvattende liefde. Zoals het licht dat de maan verspreidt een weerspiegeling is van het zonlicht.<\/p>\n<p>&nbsp;<\/p>\n<p>God heeft onze liefde niet nodig. Paulus maakt dat op de Areopagus wel heel duidelijk (tegenover Grieken die stelden dat de goden niet zonder mensen kunnen) in Hand. 17: 24, 25: de <span style=\"color: #ff0000;\">God die de wereld heeft gemaakt en alles wat daarin is, die Heer is van hemel en aarde, hij woont niet in tempelhallen met handen gemaakt; ook laat hij zich niet door menselijke handen verzorgen als hij iets nodig heeft die zelf aan allen leven en adem en alle dingen gegeven heeft;<\/span><\/p>\n<p>&nbsp;<\/p>\n<p>Wij mensen kunnen aan Gods grootheid helemaal niks af- of toedoen. We kunnen Gods liefde slechts bezingen:<\/p>\n<p>&nbsp;<\/p>\n<p style=\"text-align: center;\"><span style=\"color: #0000ff;\">Oneindige liefde, hoe rijk maakt U toch!<\/span><\/p>\n<p style=\"text-align: center;\"><span style=\"color: #0000ff;\">U mint ons o Heiland, wat wensen wij nog?<\/span><\/p>\n<p>&nbsp;<\/p>\n<p>Als we gaan nadenken over Gods liefde, doen we dat met Efeze 3: 14 \u2013 19 in het achterhoofd: Paulus bidt dat de Gezalfde zijn huis zal vinden in ons hart opdat <span style=\"color: #ff0000;\">wij de alle kennis overtreffende liefde\u00a0van de Gezalfde zouden kennen,<\/span> En die paradox kunnen we alleen oplossen als we de Heilige Geest Gods liefde laten openbaren aan ons.<\/p>\n<p>&nbsp;<\/p>\n<p>Twee Bijbelgedeelten over grenzeloze liefde:<\/p>\n<ul>\n<li><strong>Mattheus 13: 44\u00a0<\/strong><span style=\"color: #ff0000;\">Het koninkrijk der hemelen\u00a0lijkt op een schat, verborgen in de akker;\u00a0een mens vindt die en verbergt hem;\u00a0door de vreugde daarover gaat hij terug,\u00a0verkoopt al wat hij heeft\u00a0en koopt die akker!<\/span><\/li>\n<\/ul>\n<p>De Heer Jezus vindt in de wereld een schat die Hij koste wat kost wil hebben. Alles heeft Hij ervoor over om zich een volk te verwerven dat Hem dient. Joh. 3: 16. Titus 2: 14.<\/p>\n<ul>\n<li>Mat<strong>theus 13: 45, 46 <\/strong><span style=\"color: #ff0000;\">W\u00e9\u00e9r waar het koninkrijk der hemelen op lijkt: een koopman op zoek naar schone parels; als hij \u00e9\u00e9n heel kostbare parel vindt, gaat hij heen, en als hij alles verkocht heeft wat hij had, koopt hij hem!<\/span><br \/>\nDeze passage ziet op een meer individuele, persoonsgerichte absolute liefde. De Heer Jezus is de koopman. Hij zoekt parels; hij zoekt ons mensen. Wat het ook kost.<\/li>\n<\/ul>\n<p>&nbsp;<\/p>\n<p style=\"text-align: center;\"><span style=\"color: #0000ff;\">\u201cBron van het zijnde, groot zijt Gij:<\/span><\/p>\n<p style=\"text-align: center;\"><span style=\"color: #0000ff;\">eeuwig oneindig, en zo nabij.\u201d<\/span><\/p>\n<p>&nbsp;<\/p>\n<p>We lezen in Openbaring 21 over de poorten die uit \u00e9\u00e9n parel bestaan. Een parel wordt gevormd door pijn. Pijn die het offer weerspiegelt dat God zelf bracht om ons mensen de vrede te kunnen aanbieden. Wij zijn die eindeloos kostbare parel, eindeloos waardevol in Gods ogen.<\/p>\n<p>&nbsp;<\/p>\n<p>Gods liefde is onbegrensd. Vier teksten geven iets weer van het karakter van die liefde:<\/p>\n<p>&nbsp;<\/p>\n<ul>\n<li>31: 3a: <span style=\"color: #ff0000;\">van ver weg heeft de Ene zich aan hem laten zien<\/span>: Liefde is persoonlijk<\/li>\n<li>31: 3b: <span style=\"color: #ff0000;\">met eeuwige liefde heb ik je liefgehad<\/span>: Liefde is eeuwigdurend<\/li>\n<li>1: 4,5: <span style=\"color: #ff0000;\">uitverkoren al voor de grondlegging der wereld<\/span>: Liefde staat buiten de tijd<\/li>\n<li>Hooglied 8: 6: <span style=\"color: #ff0000;\">liefde is sterk als de dood<\/span>: Christus overwon de dood; Zijn liefde is absoluut.<\/li>\n<\/ul>\n<p>&nbsp;<\/p>\n<h3 style=\"text-align: center;\"><span style=\"color: #0000ff;\"><strong>om te aanschouwen de lieflijkheid van de Ene <\/strong><\/span><\/h3>\n<h6 style=\"text-align: right;\">Psalm 27: 4<\/h6>\n","protected":false},"excerpt":{"rendered":"<p>E\u00e9n ding vroeg ik van de Ene:\u00a0te zetelen in het huis\u00a0van de\u00a0Ene &nbsp; &nbsp; Gods eigen natuur, Gods wezen, is liefde. Onbegrijpelijke liefde; niet met het verstand te vatten, maar wel te ervaren door ieder hart dat open staat voor openbaring van de Heilige Geest. Derek Prince schreef een boekje over Gods onbegrijpelijke (Engels \u2018extravagant &hellip; <\/p>\n<p class=\"link-more\"><a href=\"https:\/\/www.vergaderingalkmaar.nl\/?page_id=1399\" class=\"more-link\"><span class=\"screen-reader-text\">&#8220;Preek zondag 29 juli 2018&#8221;<\/span> verder lezen<\/a><\/p>\n","protected":false},"author":3,"featured_media":0,"parent":588,"menu_order":0,"comment_status":"closed","ping_status":"closed","template":"","meta":[],"_links":{"self":[{"href":"https:\/\/www.vergaderingalkmaar.nl\/index.php?rest_route=\/wp\/v2\/pages\/1399"}],"collection":[{"href":"https:\/\/www.vergaderingalkmaar.nl\/index.php?rest_route=\/wp\/v2\/pages"}],"about":[{"href":"https:\/\/www.vergaderingalkmaar.nl\/index.php?rest_route=\/wp\/v2\/types\/page"}],"author":[{"embeddable":true,"href":"https:\/\/www.vergaderingalkmaar.nl\/index.php?rest_route=\/wp\/v2\/users\/3"}],"replies":[{"embeddable":true,"href":"https:\/\/www.vergaderingalkmaar.nl\/index.php?rest_route=%2Fwp%2Fv2%2Fcomments&post=1399"}],"version-history":[{"count":1,"href":"https:\/\/www.vergaderingalkmaar.nl\/index.php?rest_route=\/wp\/v2\/pages\/1399\/revisions"}],"predecessor-version":[{"id":1400,"href":"https:\/\/www.vergaderingalkmaar.nl\/index.php?rest_route=\/wp\/v2\/pages\/1399\/revisions\/1400"}],"up":[{"embeddable":true,"href":"https:\/\/www.vergaderingalkmaar.nl\/index.php?rest_route=\/wp\/v2\/pages\/588"}],"wp:attachment":[{"href":"https:\/\/www.vergaderingalkmaar.nl\/index.php?rest_route=%2Fwp%2Fv2%2Fmedia&parent=1399"}],"curies":[{"name":"wp","href":"https:\/\/api.w.org\/{rel}","templated":true}]}}