{"id":1360,"date":"2018-04-22T19:52:05","date_gmt":"2018-04-22T18:52:05","guid":{"rendered":"http:\/\/www.vergaderingalkmaar.nl\/?page_id=1360"},"modified":"2018-04-22T19:52:36","modified_gmt":"2018-04-22T18:52:36","slug":"1360-2","status":"publish","type":"page","link":"https:\/\/www.vergaderingalkmaar.nl\/?page_id=1360","title":{"rendered":"Preek zondag 22 april 2018"},"content":{"rendered":"<h3 style=\"text-align: center;\"><span style=\"color: #0000ff;\">met onze jongeren en onze ouderen gaan we;<\/span><\/h3>\n<h3 style=\"text-align: center;\"><span style=\"color: #0000ff;\">met onze zonen en onze dochters,\u00a0<em>ons huisgezin<\/em>,<\/span><\/h3>\n<p>&nbsp;<\/p>\n<p>God bemoeit zich actief met de verspreiding van de boodschap van zijn genade. Dat doet hij vooral door de apostel Paulus, de woordvoerder van God voor de niet-Joden. De overgang die Handelingen schetst is van Jood naar heiden, van wet naar genade, van de apostel Petrus naar de apostel Paulus. Eerst is het Petrus die handelt, later verschuift dit naar Paulus. Het tweede deel van Handelingen gaat met name over Paulus\u2019 zendingsreizen.<\/p>\n<p>&nbsp;<\/p>\n<p>In Handelingen 16 treffen we Paulus aan aan het begin van zijn tweede zendingsreis. De eerst reis was goed en tot tevredenheid verlopen, maar het begin van de tweede was problematischer. Ruzie tussen Paulus en Barnabas, en ook vragen wat de heilige Geest nou precies wilde van hen (Silas, Lukas, Timothe\u00fcs en Paulus). God leidt hen, en soms doet hij dat door dingen juist n\u00ed\u00e9t te laten gebeuren. Ze werden <span style=\"color: #ff0000;\">verhinderd het woord te spreken in Asia.<\/span> En even later plannen ze naar Bityni\u00eb te reizen, maar<span style=\"color: #ff0000;\"> de geest van Jezus laat hen niet toe.<\/span><\/p>\n<p>&nbsp;<\/p>\n<p>Ze reizen door en komen in Troas. Daar krijgt Paulus \u2019s nachts een visioen; hij ziet een Macedonische man die hem bij zich roept en zegt: steek over naar Macedoni\u00eb en help ons!<\/p>\n<p>&nbsp;<\/p>\n<p>Paulus volgt die roepstem; hij had de overtuiging dat God hen riep om daar het evangelie te verkondigen. Ze komen aan in Filippi, de eerste stad in dat deel van Macedoni\u00eb.<\/p>\n<p>&nbsp;<\/p>\n<p>Op sabbat doet Paulus wat hij altijd deed op zijn zendingsreizen: hij zocht de lokale joden op. Nu had Filippi geen synagoge; in zo een geval waren de joden gewoon op een gebedsplaats elkaar te treffen, meestal langs een rivier. Psalm 137 laat ook zo een situatie zien:<\/p>\n<p>&nbsp;<\/p>\n<p><span style=\"color: #ff0000;\"><em>Aan Babels rivieren, daar zaten wij neer, ja weenden, als wij dachten aan Sion. Aan de wilgen die daar staan hebben wij onze harpen gehangen. Want daar vroegen ons onze kerkeraars de woorden van een zang, onze folteraars vreugde: \u2018zingt voor ons een zang van Sion!\u2019 Hoe zouden wij zingen het gezang van de Ene, op de grond van een vreemde?<\/em><\/span><\/p>\n<p>&nbsp;<\/p>\n<p>Paulus verwacht dus aan de rivier Joden te treffen, en hij ontmoet er een groepje Joodse vrouwen die kwamen op te bidden. De roepstem van de Macedonische man \u2013 Jezus zelf \u2013 bracht hem daar.<\/p>\n<p>&nbsp;<\/p>\n<p><em>Het is opmerkelijk hoe centraal het gebed en gebedsbijeenkomsten staan in het boek Handelingen. Handelingen 1 begint er al mee (: 13, 14). En in Handelingen 4 reciteren ze eerst Psalm 2, ze realiseren zich dat er moeilijke tijden aanbreken en bidden <\/em><span style=\"color: #ff0000;\"><em>geef het aan uw dienaars om\u00a0<\/em><\/span><em><span style=\"color: #ff0000;\">met alle vrijmoedigheid uw woord te spreken.<\/span> <\/em><em>De consequenties \u2013 vervolging en martelaarschap \u2013 namen ze voor lief. De plaats waar ze zijn trilt en <\/em><span style=\"color: #ff0000;\"><em>allen zijn vervuld van de heilige geestesadem;\u00a0<\/em><\/span><span style=\"color: #ff0000;\"><em>het woord van God hebben zij met vrijmoedigheid kunnen spreken.<\/em><\/span><\/p>\n<p>&nbsp;<\/p>\n<p>E\u00e9n van de vrouwen, Lydia, wordt door Paulus\u2019 woorden geraakt en bekeert zich. Ze wordt gedoopt en ook <strong>haar hele huishouden<\/strong>. Dat ziet op de traditie in het jodendom die stamt uit de tijd dat Isra\u00ebl in Egypte verbleef, als slavenvolk. Op de nacht dat God zijn volk daar bevrijdt \u2013 door een lam te laten slachten en het bloed aan de deurposten en bovendorpel van de joodse huizen te smeren \u2013 was het complete gezin, het hele huishouden, veilig achter dat bloed. Als dat lam niet geslacht zou worden, betekende dat de dood van de oudste zoon.<\/p>\n<p>Zo moest ook de Heer Jezus de dood ondergaan. Anders hadden wij moeten sterven. Als de Heer in Mattheus 16: 21 zijn sterven en opstanding aankondigt verzet Petrus zich daar heftig tegen. De daaropvolgende terechtwijzing van Jezus is ongemeen scherp: <span style=\"color: #ff0000;\">ga w\u00e9g, achter mij, satan! je bent me een struikelblok, omdat je niet Gods zaken in de zin hebt maar die van de mensen!<\/span><\/p>\n<p>&nbsp;<\/p>\n<p>Na de opstanding van Jezus ontstond de gemeente, een nieuw familieverband, van christenen. De Heer zelf noemt ons zijn broeders en zusters. Heel de familie van Lydia werd gedoopt, in het verband van dat nieuwe christelijke gezin. \u201c<em>U en uw huis.\u201d<\/em><\/p>\n<p>&nbsp;<\/p>\n<p>&nbsp;<\/p>\n<p>&nbsp;<\/p>\n<p>&nbsp;<\/p>\n<p>Dan gaat de geschiedenis verder. Gevangenschap is daarbij het thema.<\/p>\n<p>&nbsp;<\/p>\n<p>Allereerst is daar een slavinnetje met een waarzeggende geest. Ze is gevangen door een demon. De boodschap die ze uitschreeuwt lijkt nogal correct: <span style=\"color: #ff0000;\">deze mensen zijn dienaren van de allerhoogste God; zij verkondigen u de weg van redding!<\/span> Maar haat getuigenis is onbruikbaar! Zij heeft zelf bevrijding van haar demon nodig en krijgt die ook!<\/p>\n<p>&nbsp;<\/p>\n<p>Haar bazen zagen de winst van hun inkomstenbron daarmee verdampen. Woest waren ze. Ze grepen Paulus en Silas en sleepten hen mee vaan de markt, waar de stadsbestuurders zitting hielden. Hun aanklacht luidde <span style=\"color: #ff0000;\">deze mannen brengen onze stad in de war; het zijn Judee\u00ebrs, en zij verkondigen gewoonten die het ons als Romeinen niet geoorloofd is te aanvaarden of te doen!\u00a0<\/span>Een dubbele aanklacht, en antisemitisme is kennelijk van alle tijden!<\/p>\n<p>&nbsp;<\/p>\n<p>Met zulke oproerkraaiers wist de gevangenbewaarder van Filippi wel raad. Ze werden eerst afgeranseld en vervolgens diep in de binnenste bewaking vastgeklonken.<\/p>\n<p>&nbsp;<\/p>\n<p>Wat is er nou logischer dan dat Paulus en Silas zich afvragen \u201c<em>Was dit nou onze roeping? Is dit Gods planning? Hebben we ons wellicht vergist?\u201d <\/em><\/p>\n<p>&nbsp;<\/p>\n<p>Maar niks van dat alles! Paulus en Silas beginnen te zingen. Dat was wel zo ongewoon dat andere gevangenen verbluft luisteren. Nooit vertoond, zoiets.<\/p>\n<p>&nbsp;<\/p>\n<p>En dan grijpt God in. Er komt een aardbeving die hevig is en tegelijk onverklaarbaar plaatselijk. De deuren van de gevangenis springen open, en de boeien van de gevangenen ook. Buiten de gevangenis wordt en van de beving kennelijk niks gemerkt! En heel bijzonder is ook dat alle gevangenen \u2018gewoon\u2019 blijven waar ze zijn.<\/p>\n<p>&nbsp;<\/p>\n<p>De hoofdpersoon in deze geschiedenis \u2013 de gevangenbewaker \u2013 schrikt wakker van de beving, ziet de deuren van de gevangenis open staan, denkt dat de gevangen de benen genomen hebben en wil zelfmoord plegen. Hij peinst er niet over om als falende hoofdbewaker zijn terechtstelling af te wachten.<\/p>\n<p>&nbsp;<\/p>\n<p>Paulus ziet dat de man een zwaard heeft en zich erin wil storten. Paulus schreeuwt <span style=\"color: #ff0000;\">doe uzelf geen kwaad, want we zijn allemaal hier!<\/span><\/p>\n<p>&nbsp;<\/p>\n<p>De gevangenbewaker vraagt om licht, ziet dat iedereen er nog is en begrijpt dat Paulus en Silas iets hebben wat hij niet heeft. Hij beeft en stamelt <span style=\"color: #ff0000;\">heren, wat moet ik doen om gered te worden?<\/span> Het antwoord is <span style=\"color: #ff0000;\">vertrouw op de Heer Jezus, en u zult worden gered, <strong>u en uw huis!<\/strong><\/span><\/p>\n<p><strong>\u00a0<\/strong><\/p>\n<p>Ook hier weer die opmerkelijke toevoeging: <strong>u en uw huis<\/strong>. Als de gevangenbewaker schuilt achter het bloed van het lam is hij veilig met allen die in zijn huis verblijven. Die huisgenoten blijken net zo onder de indruk als de oppercipier zelf, want ze laten zich allemaal tegelijk dopen!<\/p>\n<p>&nbsp;<\/p>\n<p>Het huis waarin wij fysiek wonen is een christelijk huis. Voor ons en onze kinderen. Zijn we ons daarvan voldoende bewust?<\/p>\n<p>Natuurlijk, als kinderen uitvliegen moeten ze persoonlijke keuzes maken als het om geloof gaat. Maar laat tot dat moment ons huis een christelijk verblijfsoord zijn voor ons en onze kinderen.<\/p>\n<p>&nbsp;<\/p>\n<p>Noach (\u201crust\u201d betekent zijn naam) moest een ark bouwen. Op het droge. Lachwekkend vonden de omstanders dat. Ze mochten best aan boord, maar wilden dat niet. <em>Ja hoor, een zondvloed. Morgen brengen. <\/em><\/p>\n<p>In de ark verbleven uiteindelijk acht mensen. Slechts \u00e9\u00e9n daarvan wordt rechtvaardig genoemd: Noach zelf. Maar in zijn ark was iedereen \u2013<em>Noach en zijn huis<\/em>\u2013 veilig. En alle acht overleefden de zondvloed.<\/p>\n<p>&nbsp;<\/p>\n<p>De belofte gedaan aan \u201cu en uw huis\u201d staat centraal in de bijbel. Laten we bidden om Gods genade, voor ons en ons huis.<\/p>\n<p>&nbsp;<\/p>\n<h3 style=\"text-align: center;\"><span style=\"color: #0000ff;\">want het feest van de\u00a0Ene\u00a0is het voor ons!<\/span><\/h3>\n<h6 style=\"text-align: right;\">(Ex. 10: 9)<\/h6>\n","protected":false},"excerpt":{"rendered":"<p>met onze jongeren en onze ouderen gaan we; met onze zonen en onze dochters,\u00a0ons huisgezin, &nbsp; God bemoeit zich actief met de verspreiding van de boodschap van zijn genade. Dat doet hij vooral door de apostel Paulus, de woordvoerder van God voor de niet-Joden. De overgang die Handelingen schetst is van Jood naar heiden, van &hellip; <\/p>\n<p class=\"link-more\"><a href=\"https:\/\/www.vergaderingalkmaar.nl\/?page_id=1360\" class=\"more-link\"><span class=\"screen-reader-text\">&#8220;Preek zondag 22 april 2018&#8221;<\/span> verder lezen<\/a><\/p>\n","protected":false},"author":3,"featured_media":0,"parent":588,"menu_order":0,"comment_status":"closed","ping_status":"closed","template":"","meta":[],"_links":{"self":[{"href":"https:\/\/www.vergaderingalkmaar.nl\/index.php?rest_route=\/wp\/v2\/pages\/1360"}],"collection":[{"href":"https:\/\/www.vergaderingalkmaar.nl\/index.php?rest_route=\/wp\/v2\/pages"}],"about":[{"href":"https:\/\/www.vergaderingalkmaar.nl\/index.php?rest_route=\/wp\/v2\/types\/page"}],"author":[{"embeddable":true,"href":"https:\/\/www.vergaderingalkmaar.nl\/index.php?rest_route=\/wp\/v2\/users\/3"}],"replies":[{"embeddable":true,"href":"https:\/\/www.vergaderingalkmaar.nl\/index.php?rest_route=%2Fwp%2Fv2%2Fcomments&post=1360"}],"version-history":[{"count":2,"href":"https:\/\/www.vergaderingalkmaar.nl\/index.php?rest_route=\/wp\/v2\/pages\/1360\/revisions"}],"predecessor-version":[{"id":1362,"href":"https:\/\/www.vergaderingalkmaar.nl\/index.php?rest_route=\/wp\/v2\/pages\/1360\/revisions\/1362"}],"up":[{"embeddable":true,"href":"https:\/\/www.vergaderingalkmaar.nl\/index.php?rest_route=\/wp\/v2\/pages\/588"}],"wp:attachment":[{"href":"https:\/\/www.vergaderingalkmaar.nl\/index.php?rest_route=%2Fwp%2Fv2%2Fmedia&parent=1360"}],"curies":[{"name":"wp","href":"https:\/\/api.w.org\/{rel}","templated":true}]}}