{"id":1325,"date":"2018-02-25T16:57:06","date_gmt":"2018-02-25T15:57:06","guid":{"rendered":"http:\/\/www.vergaderingalkmaar.nl\/?page_id=1325"},"modified":"2018-02-25T16:57:06","modified_gmt":"2018-02-25T15:57:06","slug":"preek-zondag-25-februari-2018","status":"publish","type":"page","link":"https:\/\/www.vergaderingalkmaar.nl\/?page_id=1325","title":{"rendered":"Preek zondag 25 februari 2018"},"content":{"rendered":"<p>&nbsp;<\/p>\n<h3 style=\"text-align: center;\"><span style=\"color: #0000ff;\"><strong>wat dan een mensje dat gij hem gedenkt,<\/strong><\/span><\/h3>\n<h3 style=\"text-align: center;\"><span style=\"color: #0000ff;\"><strong>de mensenzoon\u00a0dat gij hem bezoekt?<\/strong><\/span><\/h3>\n<p>&nbsp;<\/p>\n<p>Wanneer je vandaag de dag leest over DNA kom je ronkende teksten tegen over de <em>\u2018gouden eeuw van de medische biotechnologie\u2019<\/em>. Of \u2018<em>de menselijke soort kan verbeterd worden dankzij genetische engineering\u2019<\/em>. De mens wordt \u2018<em>een schepper naast God\u2019 <\/em>genoemd<em>,<\/em> \u2018<em>vol eerbied en aanbidding van het meest verfijnde meesterwerk dat God ooit heeft gecre\u00eberd: het DNA<\/em>\u2019.<\/p>\n<p>Emeritus-hoogleraar Dorien Pessers (van wie deze citaten afkomstig zijn) zijn waarschuwt tegen het reduceren van de mens tot een \u2018<em>homo mechanicus<\/em>, <em>een reductie van de mens tot \u2018een wetenschappelijk te analyseren en te modificeren object.<\/em>\u2019 En hoe uniek schrijft de Schepper over zijn schepping!<\/p>\n<p>&nbsp;<\/p>\n<p>Psalm 8 is geboren uit een eindeloze verwondering. Een groots kunstwerk wordt beschreven. Een oneindig onbegrijpelijke schepping, met daarin een niks voorstellend nietig mensje. En dat nietig mensje blijkt plotseling een superieure plaats in die schepping in te nemen! Het is alsof een groot Kunstenaar een beschrijving en een duiding geeft van zijn kunstwerk. Een kunstwerk waarmee Hij heel tevreden is! De Kunstenaar beschrijft de mens als <em>oneindig waardevol<\/em> (: 6) en heeft hem bestemd <em>om rentmeester te zijn<\/em> (: 7). Psalm 8 grijpt duidelijk terug op Genesis 1: 27: <span style=\"color: #ff0000;\">God schept de mensheid in zijn beeld, in het beeld van God heeft hij hem geschapen; mannelijk en vrouwelijk heeft hij hen geschapen.<\/span><\/p>\n<p>&nbsp;<\/p>\n<p>Als wij \u2013 mensen van vandaag \u2013 vervolgens in ons eigen leven rondkijken en ons afvragen wat wij er in ons eigen bestaan van waarmaken, valt de werkelijkheid ons denkelijk tegen. Weerspiegelen wij het beschreven kunstwerk? Bijna Goddelijk? Dachten we toch niet, eigenlijk.<\/p>\n<p>&nbsp;<\/p>\n<p>Als wij ons op onze eigen menselijke basis opstellen is er van dat \u2018<em>bijna goddelijke\u2019<\/em> niet zoveel te bespeuren. Maar is dat wel de basis waarop wij staan? Of heeft de Kunstenaar een compleet andere basis aan ons mensen gegeven? Hebree\u00ebn 2: 9, 10: <span style=\"color: #ff0000;\">wij richten onze blik op Jezus die maar weinig bij engelen is achtergesteld, maar d\u00f3\u00f3r de dood die hij te lijden kreeg h\u00e9\u00e9n -opdat hij voor \u00e1llen de dood zou proeven- met heerlijkheid en eer gekroond is. Want het betaamde hem om wie alle dingen zijn en door wie alle dingen zijn, dat hij vele zonen tot heerlijkheid zou leiden en zo, door al wat hij te lijden kreeg,\u00a0<\/span><span style=\"color: #ff0000;\">ten volle de leidsman van het heil zou zijn.<\/span><\/p>\n<p>Als wij op vakantie in een fraai landschap op grote afstand een mooi bouwwerk zien, blijkt dat van dichterbij soms een bouwval. God kijkt naar ons niet als naar ploeterende en falende mensjes. Als Hij naar ons kijkt, ziet Hij zijn Zoon, en door die Zoon heen ons. Vanuit ons eigen menselijke standpunt is dat volkomen onmogelijk en volstrekt onbegrijpelijk. God heeft een bouwbesluit uitgevaardigd waarin (Efeze 2: 20, 21) <span style=\"color: #ff0000;\">wij gebouwd zijn op het fundament van de apostelen en profeten, terwijl Christus Jezus zelf de hoeksteen is op wie heel dat welsaamgevoegde gebouw uitgroeit tot een heilige tempel, in de Heer.<\/span><\/p>\n<p>&nbsp;<\/p>\n<p>En dat bouwbesluit is nog niet alles. God schiep miljarden unieke mensen. En voor al die unieke mensen heeft God een unieke bestemming. Een bestemming die Openbaring 2: 17 als volgt beschrijft: <span style=\"color: #ff0000;\">aan de overwinnaar: \u2026. ik zal hem een witte steen geven, en op de steen een nieuwe naam geschreven, die niemand kent dan die hem aanneemt!<\/span><\/p>\n<p>&nbsp;<\/p>\n<p>Wit was de kleur van de gratie. Soms verleende de Romeinse keizer gratie aan ter dood veroordeelden. Er ging dan een zak rond met tien stenen: negen zwarte en \u00e9\u00e9n witte. Wie de witte pakte wist dat het leven voor hem lag. En op die steen schrijft God een unieke naam. Een naam, die alleen Hij begrijpt die ons gemaakt heeft en hij die hem ontvangt. En ik maak me sterk dat als Hij die naam opgeschreven heeft, Hij een pas terugdoet en zal zeggen in de geest van psalm 8: \u2018<em>zo is het goed, zo was je bedoeld, zo had Ik je gedacht.<\/em>\u2019 God cre\u00ebert geen kopie\u00ebn, maar originelen. Ieder mens apart zal zich opgenomen weten in het grote orkest van Gods nieuwe mensheid. Geen twee instrumenten gelijk. Allen uniek om zo gezamenlijk het magistrale concert aan te heffen waarmee we God zullen prijzen. Hij gaf allen een naam en aan ieder een ander. Wie Jezus toelaat in zijn leven, die wordt niet van zijn persoonlijkheid bevrijd maar vindt zijn eigenlijke persoonlijkheid!. Hij verliest zijn oude naam en krijgt er een nieuwe voor in de plaats. Een naam die ons onszelf doet kennen zoals we nu reeds door Hem gekend zijn.<\/p>\n<p>&nbsp;<\/p>\n<h3 style=\"text-align: center;\"><span style=\"color: #0000ff;\"><strong>Weinig laat ge hem ontbreken, of hij is God,<\/strong><\/span><\/h3>\n<h3 style=\"text-align: center;\"><span style=\"color: #0000ff;\"><strong>met glorie en luister wilt gij hem kronen.<\/strong><\/span><\/h3>\n<h6 style=\"text-align: right;\">Psalm 8: 5, 6<\/h6>\n","protected":false},"excerpt":{"rendered":"<p>&nbsp; wat dan een mensje dat gij hem gedenkt, de mensenzoon\u00a0dat gij hem bezoekt? &nbsp; Wanneer je vandaag de dag leest over DNA kom je ronkende teksten tegen over de \u2018gouden eeuw van de medische biotechnologie\u2019. Of \u2018de menselijke soort kan verbeterd worden dankzij genetische engineering\u2019. De mens wordt \u2018een schepper naast God\u2019 genoemd, \u2018vol &hellip; <\/p>\n<p class=\"link-more\"><a href=\"https:\/\/www.vergaderingalkmaar.nl\/?page_id=1325\" class=\"more-link\"><span class=\"screen-reader-text\">&#8220;Preek zondag 25 februari 2018&#8221;<\/span> verder lezen<\/a><\/p>\n","protected":false},"author":3,"featured_media":0,"parent":588,"menu_order":0,"comment_status":"closed","ping_status":"closed","template":"","meta":[],"_links":{"self":[{"href":"https:\/\/www.vergaderingalkmaar.nl\/index.php?rest_route=\/wp\/v2\/pages\/1325"}],"collection":[{"href":"https:\/\/www.vergaderingalkmaar.nl\/index.php?rest_route=\/wp\/v2\/pages"}],"about":[{"href":"https:\/\/www.vergaderingalkmaar.nl\/index.php?rest_route=\/wp\/v2\/types\/page"}],"author":[{"embeddable":true,"href":"https:\/\/www.vergaderingalkmaar.nl\/index.php?rest_route=\/wp\/v2\/users\/3"}],"replies":[{"embeddable":true,"href":"https:\/\/www.vergaderingalkmaar.nl\/index.php?rest_route=%2Fwp%2Fv2%2Fcomments&post=1325"}],"version-history":[{"count":1,"href":"https:\/\/www.vergaderingalkmaar.nl\/index.php?rest_route=\/wp\/v2\/pages\/1325\/revisions"}],"predecessor-version":[{"id":1326,"href":"https:\/\/www.vergaderingalkmaar.nl\/index.php?rest_route=\/wp\/v2\/pages\/1325\/revisions\/1326"}],"up":[{"embeddable":true,"href":"https:\/\/www.vergaderingalkmaar.nl\/index.php?rest_route=\/wp\/v2\/pages\/588"}],"wp:attachment":[{"href":"https:\/\/www.vergaderingalkmaar.nl\/index.php?rest_route=%2Fwp%2Fv2%2Fmedia&parent=1325"}],"curies":[{"name":"wp","href":"https:\/\/api.w.org\/{rel}","templated":true}]}}