{"id":1323,"date":"2018-02-22T18:53:59","date_gmt":"2018-02-22T17:53:59","guid":{"rendered":"http:\/\/www.vergaderingalkmaar.nl\/?page_id=1323"},"modified":"2018-02-22T18:53:59","modified_gmt":"2018-02-22T17:53:59","slug":"preek-zondag-18-februari-2018","status":"publish","type":"page","link":"https:\/\/www.vergaderingalkmaar.nl\/?page_id=1323","title":{"rendered":"Preek zondag 18 februari 2018"},"content":{"rendered":"<h3 style=\"text-align: center;\"><span style=\"color: #0000ff;\">Zie, hoe goed en hoe lieflijk, als broeders ook zetelen in eendracht<\/span><\/h3>\n<p>&nbsp;<\/p>\n<p>Discipelen van Jezus zijn soms net mensen. In Markus 10: 35 \u2013 45 lezen we over de zonen van Zebede\u00fcs &#8211; Jacobus en Johannes \u2013 die Jezus vragen om een blanco cheque: <span style=\"color: #ff0000;\">wat wij willen is\u00a0dat u voor ons zult doen wat wij u gaan vragen!<\/span> Is dat niet ongepast en nogal brutaal? De reactie van Jezus is gek genoeg niet afwijzend: <span style=\"color: #ff0000;\">wat wilt ge dat ik voor u doen zal?<\/span> Laat eerst maar eens horen wat je op je lever hebt. En dan komt de aap uit de mouw: <span style=\"color: #ff0000;\">geef ons dat wij, \u00e9\u00e9n rechts van u en \u00e9\u00e9n links, mogen zetelen in uw glorie!<\/span><\/p>\n<p>&nbsp;<\/p>\n<p><span style=\"color: #0000ff;\">Jantje keek tijdens de kerkdienst steeds naar het gebrandschilderde raam waar het licht doorheen scheen. \u2018<em>Wat is dat?<\/em>\u2019 vroeg hij na afloop aan zijn moeder. \u2018<em>Dat zijn heiligen\u2019<\/em> zei ze.<\/span><\/p>\n<p><span style=\"color: #0000ff;\">De andere dag vroeg de jufvrouw op school \u2018<em>wie weet wat heiligen zijn<\/em>?\u2019\u00a0Jantje: \u2018<em>dat zijn mensen waar het licht doorheen schijnt.<\/em>\u2019<\/span><\/p>\n<p>&nbsp;<\/p>\n<p>Maar dan de reactie van Jezus op die vraag. Hij zegt niet: dat is een ongepast verzoek van jullie, want daar is jullie plaats niet als discipelen, als christenmensen op de rechterstoel, in mijn heerlijkheid. Jezus antwoordt: <span style=\"color: #ff0000;\">ge weet niet wat ge vraagt!<\/span>&#8211; Dat wil zeggen: jullie beseffen niet wat dat verzoek inhoudt en wat het betekent. En direct daarop verduidelijkt Jezus dat door aan de discipelen te vragen: <span style=\"color: #ff0000;\">zijt ge bij machte de drinkbeker te drinken die \u00edk drink of gedoopt te worden met de doop\u00a0<\/span><span style=\"color: #ff0000;\">waarmee \u00edk gedoopt word?<\/span> Met het zitten te rechter en te linkerzijde van Jezus in zijn heerlijkheid is immers het kruis gemoeid. Weet dat, besef dat! Vandaar: ge weet niet wat ge vraagt!-. Want die uitdrukking &#8216;te rechter- en te linkerzijde&#8217; krijgt een haast huiveringwekkende diepte als die nog een keer terugkomt bij Marcus \u2013 als enige keer \u2013 namelijk in het kruisigingsverhaal, waar staat (Markus 15: 27): <span style=\"color: #ff0000;\">Samen met hem kruisigen ze twee rovers, \u00e9\u00e9n rechts en \u00e9\u00e9n links van hem.<\/span><\/p>\n<p>&nbsp;<\/p>\n<p>De Messias-koning regeert vanaf het kruishout en zijn heerlijkheid licht op vanuit zijn lijdensgestalte.<\/p>\n<p>Vragen die discipelen daarom? Willen zij z\u00f3, op die manier regeren en oordelen met Jezus? Willen en kunnen zij die weg met hem gaan?<\/p>\n<p>Is het onwetendheid? Overmoed? De twee discipelen antwoorden: <span style=\"color: #ff0000;\">wij z\u00edjn bij machte!.<\/span> En merkwaardig: ook dan wijst Jezus hen af en bestraft hen niet. Hij antwoordt: <span style=\"color: #ff0000;\">de drinkbeker die \u00edk drink\u00a0zult ge drinken, en met de doop waarmee \u00edk gedoopt word zult ge worden gedoopt,<\/span><\/p>\n<p>&nbsp;<\/p>\n<p>Uit de geschiedenis is bekend hoezeer Jacobus en Johannes hebben geleden als volgeling van hun Heer. En ook vandaag de dag lezen we de gruwelijke verhalen van christenvervolgingen in andere werelddelen. En lezen we over de onbegrijpelijke moed die deze gelovigen ten toon spreiden. Het volgen van Jezus is een zaak die positief weegt, alle vervolging des ondanks.<\/p>\n<p>&nbsp;<\/p>\n<p>Als je het zo bekijkt hadden beide discipelen het misschien toch niet helemaal verkeerd begrepen!<\/p>\n<p>Als de andere tien discipelen horen van de vraag van Jacobus en Johannes zijn ze woest. En jaloers. Die voorrechten willen zij natuurlijk ook wel. Ze voelen zich zwaar tekort gedaan.<\/p>\n<p>&nbsp;<\/p>\n<p>En dan roept Jezus alle twaalf discipelen bij zich. Hij laat ze zien dat ze alle twaalf niet begrijpen hoe het toegaat in het Koninkrijk der Hemelen. Hier op aarde wil iedereen belangrijk gevonden worden (: 42):. <span style=\"color: #ff0000;\">Ge weet dat zij die denken te regeren over de volkeren hen overheersen en dat hun groten hun macht op hen botvieren;<\/span> Maar in Gods koninkrijk kom je niet om te l\u00e1ten dienen, maar om de dienen. En hij is zelf het ultieme voorbeeld (:45): <span style=\"color: #ff0000;\">want ook de mensenzoon is niet gekomen om bediend te worden nee, om te bedienen en zijn lijf-en-ziel te geven als losprijs voor velen!<\/span> Met gebruik van macht zit je in Gods koninkrijk altijd fout.<\/p>\n<p>&nbsp;<\/p>\n<p>Een heilige: daar schijnt het licht doorheen. Het licht van Gods koninkrijk. Dan moet je dienaar (willen) zijn. Iedereen op haar of zijn eigen plek. En op haar of zijn eigen manier. Naar de roeping waarmee we geroepen zijn. Naar het voorbeeld van de Hebreeuwse slaaf in Deuteronomium 15. Die had alle recht om na zes jaar als vrij man te vertrekken. Maar er waren er die zeiden (Deut. 15: 16): <span style=\"color: #ff0000;\">ik ga niet van jou weg,- omdat ik jou en je huis heb liefgekregen,<\/span> En die man wordt dan een <em>dienaar voor eeuwig<\/em><em>.<\/em> Dat is een profetie over de heer Jezus. Dat is ook onze opdracht. Dienen. In Gods koninkrijk.<\/p>\n<p>&nbsp;<\/p>\n<h3 style=\"text-align: center;\"><span style=\"color: #0000ff;\"><strong>daar heeft de\u00a0Ene\u00a0geboden de zegen, leven\u00a0tot in der eeuwigheid.<\/strong><\/span><\/h3>\n<h6 style=\"text-align: right;\">Psalm 133<\/h6>\n","protected":false},"excerpt":{"rendered":"<p>Zie, hoe goed en hoe lieflijk, als broeders ook zetelen in eendracht &nbsp; Discipelen van Jezus zijn soms net mensen. In Markus 10: 35 \u2013 45 lezen we over de zonen van Zebede\u00fcs &#8211; Jacobus en Johannes \u2013 die Jezus vragen om een blanco cheque: wat wij willen is\u00a0dat u voor ons zult doen wat &hellip; <\/p>\n<p class=\"link-more\"><a href=\"https:\/\/www.vergaderingalkmaar.nl\/?page_id=1323\" class=\"more-link\"><span class=\"screen-reader-text\">&#8220;Preek zondag 18 februari 2018&#8221;<\/span> verder lezen<\/a><\/p>\n","protected":false},"author":3,"featured_media":0,"parent":588,"menu_order":0,"comment_status":"closed","ping_status":"closed","template":"","meta":[],"_links":{"self":[{"href":"https:\/\/www.vergaderingalkmaar.nl\/index.php?rest_route=\/wp\/v2\/pages\/1323"}],"collection":[{"href":"https:\/\/www.vergaderingalkmaar.nl\/index.php?rest_route=\/wp\/v2\/pages"}],"about":[{"href":"https:\/\/www.vergaderingalkmaar.nl\/index.php?rest_route=\/wp\/v2\/types\/page"}],"author":[{"embeddable":true,"href":"https:\/\/www.vergaderingalkmaar.nl\/index.php?rest_route=\/wp\/v2\/users\/3"}],"replies":[{"embeddable":true,"href":"https:\/\/www.vergaderingalkmaar.nl\/index.php?rest_route=%2Fwp%2Fv2%2Fcomments&post=1323"}],"version-history":[{"count":1,"href":"https:\/\/www.vergaderingalkmaar.nl\/index.php?rest_route=\/wp\/v2\/pages\/1323\/revisions"}],"predecessor-version":[{"id":1324,"href":"https:\/\/www.vergaderingalkmaar.nl\/index.php?rest_route=\/wp\/v2\/pages\/1323\/revisions\/1324"}],"up":[{"embeddable":true,"href":"https:\/\/www.vergaderingalkmaar.nl\/index.php?rest_route=\/wp\/v2\/pages\/588"}],"wp:attachment":[{"href":"https:\/\/www.vergaderingalkmaar.nl\/index.php?rest_route=%2Fwp%2Fv2%2Fmedia&parent=1323"}],"curies":[{"name":"wp","href":"https:\/\/api.w.org\/{rel}","templated":true}]}}