{"id":1317,"date":"2018-01-28T17:38:57","date_gmt":"2018-01-28T16:38:57","guid":{"rendered":"http:\/\/www.vergaderingalkmaar.nl\/?page_id=1317"},"modified":"2018-01-28T17:38:57","modified_gmt":"2018-01-28T16:38:57","slug":"preek-zondag-28-januari-2018","status":"publish","type":"page","link":"https:\/\/www.vergaderingalkmaar.nl\/?page_id=1317","title":{"rendered":"Preek zondag 28 januari 2018"},"content":{"rendered":"<h3 style=\"text-align: center;\"><span style=\"color: #0000ff;\"><strong>en wie jou zal dwingen\u00a0tot \u00e9\u00e9n mijl,<\/strong><\/span><\/h3>\n<p><strong>\u00a0<\/strong><\/p>\n<p>Aan Winston Churchill wordt de uitspraak toegeschreven \u201c<span style=\"color: #0000ff;\"><em>Each person has only to do his duty to wreck the world<\/em><\/span><em>\u201d<\/em>. De bedoeling is wel duidelijk: als je werkelijk iets wil bereiken of tot stand brengen, moet je je er met alle kracht voor inzetten. De nine-to-five-mentaliteit gaat je dan niet helpen.<\/p>\n<p>&nbsp;<\/p>\n<p>En wie wel eens Engelse LinkedIn \u2018<em>endorsements\u2019<\/em> (betekent zoiets als zoiets als \u2018<em>bekrachtiging\u2019<\/em>) bekijkt, treft daarin nogal eens het zinnetje aan dat de gerecenseerde persoon <em>altijd bereid is om iets extra\u2019s te doen<\/em>. In goed (?) Engels: \u201c<span style=\"color: #0000ff;\"><em>willing<\/em> <em>to go the extra mile<\/em><\/span>\u201d. De beoordeelde persoon krijgt dan altijd een heel positieve pluim. Zij of hij krijgt iets voor elkaar. Laat het niet bij theoretische bespiegelingen of goede raadgeving. Nee, de schouders gaan er echt onder en er wordt volgehouden. Uit overtuiging.<\/p>\n<p>Hoeveel LindedIn-ers zouden weten dat dat \u2018<em>extra-mijl-zinnetje\u2019<\/em> uit de bijbel komt? Uit de Bergrede; daarmee worden de hoofdstukken 5, 6 en 7 van het evangelie naar Matthe\u00fcs aangeduid. Die hoofdstukken beschrijven het langste aaneengesloten openbaar optreden van Jezus dat in de canonieke evangeli\u00ebn staat opgetekend.<\/p>\n<p>&nbsp;<\/p>\n<p>Van de Bergrede wordt wel gezegd dat het de Grondwet is van het Koninkrijk der Hemelen. Jezus roept hier niet een nieuwe wet in leven, alsof de oudtestamentische wet als levens-richtsnoer afgedaan zou hebben, maar toont aan dat Zijn onderwijs in overeenstemming is met de wet. Wie het beeld van God wil weerspiegelen, leert in de Bergrede hoe dat kan.<\/p>\n<p>De Bergrede vervangt de wet van Mozes niet door andere gedragsregeltjes (<em>de andere wang<\/em>, of <em>de tweede mijl<\/em>). Het principe van \u2018de tweede mijl\u2019 gaat om de bereidheid om ter wille van het Koninkrijk onrecht te ondergaan en breder: een houding van gevende liefde tegenover een de ingerichte houding die er op uit is te nemen.<\/p>\n<p>Kern van de aanklacht die Jezus neerlegt tegen de farizee\u00ebrs is dat ze de wet gebruiken en interpreteren vanuit het eigenbelang. De wet van de liefde die onvoorwaardelijk <em>geeft<\/em>, wordt door hen ondermijnd. Zij redeneren louter naar zichzelf toe. Terwijl de liefde juist zichzelf <em><strong>niet<\/strong><\/em> zoekt.<\/p>\n<p>&nbsp;<\/p>\n<p>En dan die extra mijl waar de Here Jezus het over heeft. Romeinse soldaten mochten burgers dwingen \u00e9\u00e9n mijl hun zware uitrusting voor hen te dragen. E\u00e9n mijl. Maar ook niet meer. Want het lag al gevoelig genoeg. Dan had je zo een opstand.<\/p>\n<p>Maar wat zou er nou gebeuren, zegt de Here Jezus, als je spontaan aanbood een extra mijl te lopen? Zo\u2019n soldaat zou niet alleen heel verbaasd zijn. Dat had\u2019 ie nog nooit meegemaakt. Maar hij zou zich er vervolgens ook verlegen mee voelen.<\/p>\n<p>\u2018Doe maar gewoon, dan doe je al gek genoeg!\u2019 zeggen wij nogal eens. Maar de Here Jezus lijkt hier iets anders te zeggen. \u2018Doe eens een keer ongewoon, de wereld is al gek genoeg!\u2019 Wat zou er gebeuren als je nou eens het onverwachtse deed?<\/p>\n<p>En dat vraagt natuurlijk om durf en creativiteit. Het zijn voorbeelden die de Here Jezus hier noemt. Geen regeltjes die je zomaar slaafs toe kunt passen. Hoe kunnen wij nu in onze tijd en onze situatie die woorden van de Here Jezus toepassen?<\/p>\n<p>&nbsp;<\/p>\n<p>Spreuken 14: 29: <span style=\"color: #ff0000;\"><strong>Zeg nooit<\/strong>: zoals hij mij heeft aangedaan, zo doe ik aan hem!- ik zal iemand teruggeven naar zijn werk!<\/span><\/p>\n<p>Zo stond er in EO Visie van 2 februari 2017 dat er ook christenen waren die spontaan aanboden om moskee\u00ebn te bewaken. Want er zijn nu natuurlijk ook moslims die zich bedreigd voelen. Bang voor represailles. Setkin Sies krijgt de vraag: \u201c<span style=\"color: #0000ff;\">Heeft het voor u persoonlijk iets met uw geloof te maken?<\/span>\u201d Hij antwoordt: &#8220;<span style=\"color: #0000ff;\">Absoluut. De vrijheid die ik voor mezelf claim in deze samenleving \u2013 de vrijheid van godsdienst en de mogelijkheid om dat in de publieke ruimte in alle veiligheid te kunnen doen \u2013 die gun ik ook anderen. Daar is ook onze rechtstaat op gebouwd. Op dit moment staat die vrijheid onder druk. In de discussie over Islam en de hele discussie over religie staat volgens mij ook de vrijheid van godsdienst onder druk. Ik vind het belangrijk om daarover te waken en daar voor te waken. De enige grond waarop we die vrijheid in stand kunnen houden is dat we ook pal staan voor anderen die daar recht op hebben<\/span>.&#8221;<\/p>\n<p>&nbsp;<\/p>\n<p>Misschien is dat inderdaad wel een heel mooi voorbeeld. Dat juist christenen moskee\u00ebn bewaken. Niet om te suggeren dat alle godsdiensten op hetzelfde neerkomen. Maar wel om te laten zien: \u2018Wij geloven in de liefde. De liefde van Christus.\u2019<\/p>\n<p><strong>\u00a0<\/strong><\/p>\n<h3 style=\"text-align: center;\"><span style=\"color: #0000ff;\"><strong>ga er twee met hem;<\/strong><\/span><\/h3>\n<h6 style=\"text-align: right;\">Matth. 5: 41<\/h6>\n","protected":false},"excerpt":{"rendered":"<p>en wie jou zal dwingen\u00a0tot \u00e9\u00e9n mijl, \u00a0 Aan Winston Churchill wordt de uitspraak toegeschreven \u201cEach person has only to do his duty to wreck the world\u201d. De bedoeling is wel duidelijk: als je werkelijk iets wil bereiken of tot stand brengen, moet je je er met alle kracht voor inzetten. De nine-to-five-mentaliteit gaat je &hellip; <\/p>\n<p class=\"link-more\"><a href=\"https:\/\/www.vergaderingalkmaar.nl\/?page_id=1317\" class=\"more-link\"><span class=\"screen-reader-text\">&#8220;Preek zondag 28 januari 2018&#8221;<\/span> verder lezen<\/a><\/p>\n","protected":false},"author":3,"featured_media":0,"parent":588,"menu_order":0,"comment_status":"closed","ping_status":"closed","template":"","meta":[],"_links":{"self":[{"href":"https:\/\/www.vergaderingalkmaar.nl\/index.php?rest_route=\/wp\/v2\/pages\/1317"}],"collection":[{"href":"https:\/\/www.vergaderingalkmaar.nl\/index.php?rest_route=\/wp\/v2\/pages"}],"about":[{"href":"https:\/\/www.vergaderingalkmaar.nl\/index.php?rest_route=\/wp\/v2\/types\/page"}],"author":[{"embeddable":true,"href":"https:\/\/www.vergaderingalkmaar.nl\/index.php?rest_route=\/wp\/v2\/users\/3"}],"replies":[{"embeddable":true,"href":"https:\/\/www.vergaderingalkmaar.nl\/index.php?rest_route=%2Fwp%2Fv2%2Fcomments&post=1317"}],"version-history":[{"count":1,"href":"https:\/\/www.vergaderingalkmaar.nl\/index.php?rest_route=\/wp\/v2\/pages\/1317\/revisions"}],"predecessor-version":[{"id":1318,"href":"https:\/\/www.vergaderingalkmaar.nl\/index.php?rest_route=\/wp\/v2\/pages\/1317\/revisions\/1318"}],"up":[{"embeddable":true,"href":"https:\/\/www.vergaderingalkmaar.nl\/index.php?rest_route=\/wp\/v2\/pages\/588"}],"wp:attachment":[{"href":"https:\/\/www.vergaderingalkmaar.nl\/index.php?rest_route=%2Fwp%2Fv2%2Fmedia&parent=1317"}],"curies":[{"name":"wp","href":"https:\/\/api.w.org\/{rel}","templated":true}]}}