{"id":1286,"date":"2017-10-29T19:29:21","date_gmt":"2017-10-29T18:29:21","guid":{"rendered":"http:\/\/www.vergaderingalkmaar.nl\/?page_id=1286"},"modified":"2017-10-29T19:34:05","modified_gmt":"2017-10-29T18:34:05","slug":"preek-zondag-29-oktober-2017","status":"publish","type":"page","link":"https:\/\/www.vergaderingalkmaar.nl\/?page_id=1286","title":{"rendered":"Preek zondag 29 oktober 2017"},"content":{"rendered":"<h3 style=\"text-align: center;\"><span style=\"color: #0000ff;\"><strong>Wie van deze drie is, denk je,\u00a0de naaste geworden<\/strong><\/span><\/h3>\n<h3 style=\"text-align: center;\"><span style=\"color: #0000ff;\"><strong>van hem\u00a0die aan de rovers toevalt?<\/strong><\/span><\/h3>\n<p>&nbsp;<\/p>\n<p>De geschiedenis van de barmhartige Samaritaan is heel bekend. Als je zo voor de vuist weg een uitleg moet geven, dan komt het hier op neer: wij moeten worden als die barmhartige Samaritaan. Wij moeten ook goed doen.\u2028Zo eindigt Jezus het verhaal toch ook: Ga heen, doe gij evenzo.\u2028En meestal wordt dat dan ook gezien als de boodschap van onze tekst.<\/p>\n<p>&nbsp;<\/p>\n<p>Is dat niet te simpel? Staat er wel (Lukas 10: 25 \u2013 37) wat (we denken dat) er staat? Is dit wel een heel direct toepasbare les in naastenliefde? De wetgeleerde die een vraag stelde wist immers al lang dat hij zijn naaste moest liefhebben? Hij wil weinig anders dan die rondtrekkende rabbi die zoveel volk trekt eens aan de tand voelen. Wat stelt die persoon helemaal voor? Met de simpele <span style=\"color: #ff0000;\"><span style=\"color: #000000;\">vraag<\/span> wat doende zal ik eeuwig leven be\u00ebrven?<\/span> denkt hij Jezus uit de tent te lokken. Maar dat loopt eventjes anders. \u201c<em>Jij bent de wetgeleerde<\/em>\u201d zegt Jezus,\u201d<em>jij weet het antwoord vast zelf wel<\/em>\u201d. En de wetgeleerde is niet zo goed of hij lepelt de wetstekst (Deut. 6,5 <span style=\"color: #ff0000;\">\u2018liefhebben zul je de Heer je God, vanuit heel je hart, met heel je ziel, met al je kracht\u2019<\/span> en Lev. 19,18 <span style=\"color: #ff0000;\">liefhebben zul je je naaste, zoals jezelf!-<\/span> ) foutloos op. De mensen eromheen hoor je denken \u201c<em>wat was dat nou voor een vraag. Had je dat zelf niet kunnen verzinnen?<\/em> De wetgeleerde wenst onder geen beding af te gaan en bedenkt om zijn gezicht te redden een vervolgvraag: <span style=\"color: #ff0000;\">en wie \u00eds mijn naaste?<\/span><\/p>\n<p>&nbsp;<\/p>\n<p>En dan begint de gelijkenis van de barmhartige Samaritaan. Jezus keert alles om. Het gaat er niet om dat de wetgeleerde inziet wie zijn naaste is. Het gaat erom dat hij 1) inziet wie hijzelf is en 2) wie Jezus is. Jezus vertelt een soort \u201c<em>wie-is-wie<\/em>\u201d verhaal. Welke rol speelt de wetgeleerde? Is hij de priester? Of de leviet? Nou, vast niet! Wetgeleerden en priesters konden slecht met elkaar opschieten. En dat gold ook voor de hulpjes van de priester, de levieten. De leviet volgt de priester in zijn \u201c<em>wegwezen hier, te gevaarlijk\u201d <\/em>houding. Is de volgende passant misschien een wetgeleerde? Niets is minder waar: het is een verachtelijke Samaritaan. Een buitenlander. Iemand met een verkeerd geloof.<\/p>\n<p>&nbsp;<\/p>\n<p>En uitgerekend deze Samaritaan is met ontferming bewogen.\u2028Uitgebreid vertelt Jezus wat die man allemaal doet. Louter werkwoorden: hij werd met ontferming bewogen, ging naar hem toe, hij verbond zijn wonden, hij goot er olie en wijn op, hij zette hem op zijn eigen rijdier, hij bracht hem naar de herberg, hij verzorgde hem, hij betaalde voor hem. De Samaritaan is de \u00e9nige in de hele gelijkenis, die actief is, die iets doet.<\/p>\n<p>&nbsp;<\/p>\n<p>Jezus legt in zijn verhaal de Jood, de wetgeleerde langs de kant van de weg. In elkaar geslagen. Meer dood dan levend. Kansloos. Als er geen hulp komt opdagen gaat hij dood. En dan komt de Samaritaan. En die helpt de Jood. De wetgeleerde. <span style=\"color: #0000ff;\">Ach, waren dat wij niet? \/ Ach, ik niet? ach, jij niet?<\/span> (uit: Tweespraak, Martinus Nijhoff).<\/p>\n<p>&nbsp;<\/p>\n<p>Jezus draait de oorspronkelijke vraag van de wetgeleerde <span style=\"color: #ff0000;\">wie \u00eds mijn naaste?<\/span> honderdtachtig graden om. Jezus vraagt de wetgeleerde <span style=\"color: #ff0000;\">Wie van deze drie is, denk je, de naaste geworden van hem die aan de rovers toevalt:<\/span> Wie is het, die mij liefheeft?\u2028Wie is het, die mij helpt, als ik totaal hulpbehoevend blijk te zijn? Wie is het die mij uit de goot haalt? Die mij weer opricht, als ik halfdood ben? Wie is het die mij verzorgt, die mij geneest?\u2028De wetgeleerde had vanuit de hoogte gevraagd: naar wie moet ik omzien, vanuit mijn riante positie?\u2028En Jezus legt hem neer, maakt hem machteloos. Hij laat hem nadenken over de vraag: wie zal er naar MIJ omzien? Wie zal MIJ weer op weg helpen, als ik onderweg tegen de vlakte ben gegaan? Als ik ontdekt heb dat ik niks meer kan? Als ik geen praatjes meer heb?<\/p>\n<p>&nbsp;<\/p>\n<p>Het antwoord is ondanks alles prachtig. Het simpele \u201c<em>de Samaritaan<\/em>\u201d krijgt de wetgeleerde niet uit zijn strot. Hij zegt <span style=\"color: #ff0000;\">die hem de ontferming heeft betoond!<\/span> Woorden die zowel in het Oude als in het Nieuwe Testament alleen voor God en de Heer Jezus worden gebezigd. De Samaritaan \u2013 de Heer Jezus \u2013 is God zelf!<\/p>\n<p>&nbsp;<\/p>\n<p>Deze gelijkenis leert ons niet dat we humaner moeten zijn. Dat wisten we allang. We kunt zo misplaatst tevreden zijn met onszelf. En bedenken, wat wij als edele mens kunnen betekenen voor de kerk en de wereld. De arrogantie komt soms om de hoek kijken.\u2028Wij staan liever bekend als weldoener, als iemand die altijd voor anderen klaar staat, dan als iemand, \u00e1\u00e1n wi\u00e9 welgedaan moet w\u00f3rden, als iemand die uit de g\u00f3\u00f3t gehaald moet worden.\u2028In de gelijkenis van de Samaritaan zet, nee l\u00e9gt Jezus ons op onze plaats.\u2028En Hij laat ons even heel stevig weten, dat we ons lelijk kunnen verkijken, op onszelf, en op Hem.<\/p>\n<p>&nbsp;<\/p>\n<p>De priester had een volgeling: <em>de priester ging voorbij, evenzo de Leviet.<\/em> En die Samaritaan, heeft die ook een volgeling, iemand die in zijn voetsporen treedt? Jezus zei tot de wetgeleerde: <span style=\"color: #ff0000;\">\u201cga voort en doe j\u00edj evenzo!.\u201d<\/span> En dat is onze opdracht. Barmhartigheid als opdracht, als richtsnoer voor ons christenelven.<\/p>\n<p>&nbsp;<\/p>\n<h3 style=\"text-align: center;\"><span style=\"color: #0000ff;\"><strong>hij zegt:\u00a0die hem de ontferming heeft betoond!<\/strong><\/span><\/h3>\n","protected":false},"excerpt":{"rendered":"<p>Wie van deze drie is, denk je,\u00a0de naaste geworden van hem\u00a0die aan de rovers toevalt? &nbsp; De geschiedenis van de barmhartige Samaritaan is heel bekend. Als je zo voor de vuist weg een uitleg moet geven, dan komt het hier op neer: wij moeten worden als die barmhartige Samaritaan. Wij moeten ook goed doen.\u2028Zo eindigt &hellip; <\/p>\n<p class=\"link-more\"><a href=\"https:\/\/www.vergaderingalkmaar.nl\/?page_id=1286\" class=\"more-link\"><span class=\"screen-reader-text\">&#8220;Preek zondag 29 oktober 2017&#8221;<\/span> verder lezen<\/a><\/p>\n","protected":false},"author":3,"featured_media":0,"parent":588,"menu_order":0,"comment_status":"closed","ping_status":"closed","template":"","meta":[],"_links":{"self":[{"href":"https:\/\/www.vergaderingalkmaar.nl\/index.php?rest_route=\/wp\/v2\/pages\/1286"}],"collection":[{"href":"https:\/\/www.vergaderingalkmaar.nl\/index.php?rest_route=\/wp\/v2\/pages"}],"about":[{"href":"https:\/\/www.vergaderingalkmaar.nl\/index.php?rest_route=\/wp\/v2\/types\/page"}],"author":[{"embeddable":true,"href":"https:\/\/www.vergaderingalkmaar.nl\/index.php?rest_route=\/wp\/v2\/users\/3"}],"replies":[{"embeddable":true,"href":"https:\/\/www.vergaderingalkmaar.nl\/index.php?rest_route=%2Fwp%2Fv2%2Fcomments&post=1286"}],"version-history":[{"count":3,"href":"https:\/\/www.vergaderingalkmaar.nl\/index.php?rest_route=\/wp\/v2\/pages\/1286\/revisions"}],"predecessor-version":[{"id":1289,"href":"https:\/\/www.vergaderingalkmaar.nl\/index.php?rest_route=\/wp\/v2\/pages\/1286\/revisions\/1289"}],"up":[{"embeddable":true,"href":"https:\/\/www.vergaderingalkmaar.nl\/index.php?rest_route=\/wp\/v2\/pages\/588"}],"wp:attachment":[{"href":"https:\/\/www.vergaderingalkmaar.nl\/index.php?rest_route=%2Fwp%2Fv2%2Fmedia&parent=1286"}],"curies":[{"name":"wp","href":"https:\/\/api.w.org\/{rel}","templated":true}]}}