{"id":1276,"date":"2017-09-17T18:49:06","date_gmt":"2017-09-17T17:49:06","guid":{"rendered":"http:\/\/www.vergaderingalkmaar.nl\/?page_id=1276"},"modified":"2017-09-17T18:49:06","modified_gmt":"2017-09-17T17:49:06","slug":"preek-zondag-17-september-2017","status":"publish","type":"page","link":"https:\/\/www.vergaderingalkmaar.nl\/?page_id=1276","title":{"rendered":"Preek zondag 17 september 2017"},"content":{"rendered":"<h3 style=\"text-align: center;\"><span style=\"color: #0000ff;\"><strong>Hij zegt: vrees niet,-\u00a0want die bij ons horen<\/strong><\/span><\/h3>\n<p>&nbsp;<\/p>\n<p>De kranten staan er vol van. Het journaal en de nieuwsrubrieken raken er niet over uitgepraat. Wapens zijn er alom. Hamas en Fatah gebruiken ze. Boko Haram en Noord Korea ontlenen er hun kracht aan.<\/p>\n<p>En dan gaan wij ook nog eens nadenken over een wapenrusting. Een geestelijke wapenrusting, dat wel. Tegen wie gaan we daarmee vechten? Tegen medechristenen met wie we van mening verschillen? Nee toch zeker? Dat is niet een geestelijke strijd zoals Paulus die in Efeze 6: 10 \u2013 20 omschrijft. Paulus stuurt zijn brief \u2013 een rondzendbrief \u2013 aan de gemeenten in de Romeinse provincie Asia; Efeze is daarvan de hoofdstad. Paulus benadrukt in de brief dat de redding van de gelovige ligt in zijn verbondenheid met Christus. In hoofdstuk vier (tweede deel) en vijf staan allerlei praktische raadgevingen die hun grond hebben in het nieuwe leven met Christus. De afsluiting daarvan is in hoofdstuk zes, met de beschrijving van de geestelijke wapenrusting van de christen.<\/p>\n<p>&nbsp;<\/p>\n<p>En ja: wij christenen hebben een strijd te voeren. En die is niet tegen elkaar! Drie hoofdvragen:<\/p>\n<ol>\n<li>Tegen <strong>wie of wat<\/strong> moeten we strijden?\n<ul>\n<li>Tegen allerlei \u201cgeestelijke machten\u201d van buitenaf (: 12)<\/li>\n<\/ul>\n<\/li>\n<li><strong>Waarom<\/strong> moeten we strijden?\n<ul>\n<li>Opdat we weestand kunnen bieden en stand kunnen houden (: 11, 13)<\/li>\n<\/ul>\n<\/li>\n<li><strong>Hoe<\/strong> kunnen we in de strijd overeind blijven zodat we niet het onderspit delven?\n<ul>\n<li>Door de wapenrusting van God aan te trekken (: 11, 13)<\/li>\n<li>Door de wapens ook te gebruiken<\/li>\n<li>Door te bidden en te smeken (: 18)<\/li>\n<\/ul>\n<\/li>\n<\/ol>\n<p>&nbsp;<\/p>\n<p><strong>Tegen wie strijden wij?<\/strong><\/p>\n<p>Soms redeneren wij als christenen wel heel erg simpel. Met vroomklinkende argumenten als \u201c<em>als God voor ons is, wie kan er dan tegen ons zijn?<\/em>\u201d Of ook \u201c<em>maar ik ben toch gelovig? Dan is het toch per definitie goed allemaal?<\/em>\u201d<\/p>\n<p>Dat zijn misverstanden. Een christen staat niet boven de strijd, zij\/hij staat er middenin! En niet wij kiezen ervoor om te strijden! Dat doet de satan (\u201cde uiteenwerper\u201d). En de strijd die ons wacht is niet een fysiek lichamelijk gevecht, maar een geestelijke strijd. We strijden (:12) <span style=\"color: #ff0000;\">tegen de overheden, tegen de gezagsdragers, tegen de wereldbeheersers van deze duisternis, en tegen de boze geesten in de hemelse gewesten<\/span>. Onze tegenstander is een geduchte en machtige vijand. Dat gevecht vindt niet plaats in caf\u00e9s en biertenten op zaterdagavond. Maar eerder in de kerkbanken op zondagmorgen. Want daar verwachten we de tegenstander het minst, en dat weet hij! Daar staan we bloot aan de verleidingskunst van de duivel. De naam \u201cuiteenwerper\u201d geeft maar al te precies weer wie en wat hij is.<\/p>\n<p>&nbsp;<\/p>\n<p><strong>Waarom strijden wij?<\/strong><\/p>\n<p>Als gezegd: de keuze om niet te strijden hebben we niet!. Satan dringt ons de strijd op. En die strijd heeft een doel. In de verzen 11 en 13 is het kernwoord <span style=\"color: #ff0000;\"><strong>opdat<\/strong> ge kunt standhouden \/ weerstand kunt bieden.<\/span> Met Jakobus 4: 7: <span style=\"color: #ff0000;\">weerstaat de uiteenwerper, dan zal hij van u vluchten;<\/span><\/p>\n<p>Daar staat niet: val aan en sla erop los! We voeren een verdedigende strijd. Christus heeft als mens de macht van de duivel vernietigd (Hebr. 2: 14). Christus behaalde de overwinning en kan en zal ons te hulp komen. Wij strijden dus niet voor de overwinning. Die is al behaald! Wij strijden in onze beproevingen vanuit de reeds behaalde overwinning!<\/p>\n<p>Daar hoort absoluut bij dat je de <strong>hele<\/strong> wapenrusting aantrekt, zo vat Paulus (:13) het nog eens samen. Want dan sta je sterk op de dag van het boze. Op de dag dat de satan je werkelijk geestelijk aanvalt. Want zo een aanval kan uit een volstrekt onverwachte hoek komen! En dan kunnen we alleen standhouden <span style=\"color: #ff0000;\">met inzet van alles<\/span> (: 13). God verlangt van ons dat we strijden zoals Hijzelf dat ook deed en doet.<\/p>\n<p>&nbsp;<\/p>\n<p><strong>Hoe kunnen we staande blijven?<\/strong><\/p>\n<p>En als we nu eens moedeloos worden? Als we menen dat het allemaal teveel wordt? Dat al dat gestrijd toch niks helpt? Dan heeft Paulus een <strong>opdracht<\/strong> (: 10) <span style=\"color: #ff0000;\">weest krachtig in de Heer en in zijn sterke macht!<\/span> Een <strong>opdracht<\/strong>, geen goed bedoeld maar vrijblijvend en onverplichtend advies. Of een tip waarmee je je voordeel zou kunnen doen. Iets van \u201c<em>baat het niet, het schaadt ook niet.<\/em>\u201d De hele wapenrusting moet aan. Paulus schetst het beeld van een Romeinse infanteriesoldaat met zijn hele uitrusting. Geen enkel onderdeel daarvan mag achterwege blijven. Want je moet op alles voorbereid zijn. Je weet niet waar de vijand je zal aanvallen. Zes uitrustingsstukken voert Paulus ten tonele.<\/p>\n<p>&nbsp;<\/p>\n<h3><strong>De <\/strong><strong>Gordel<\/strong><strong> van de waarheid<\/strong><\/h3>\n<p>In huis placht men de tunica zonder gordel te dragen. Maar buitenshuis \u2013 en zeker bij een naderend gevecht \u2013 werd de kledij tot boven de knie\u00ebn opgetrokken en met een gordel vastgemaakt. Anders was actie zo goed als onmogelijk. Wij moeten Gods waarheid paraat hebben. We moeten God en zijn woord kennen. En dat kunnen toepassen, zoals de Heer Jezus dat deed bij de verzoeking in de woestijn: \u201c<span style=\"color: #ff0000;\">want er is geschreven\u2026.\u201d.<\/span><\/p>\n<p>&nbsp;<\/p>\n<h3><strong>Het <\/strong><strong>Borstharnas<\/strong><strong> van de gerechtigheid<\/strong><\/h3>\n<p>Zo\u2019 pantser bestond uit leer, bekleed met metalen platen. Het beschermde de vitale delen van de borstkas en reikte tot op de heupen. Ons \u2013 nog steeds zondig \u2013 hart weerstaat de aanvallen van satan niet, behalve als we Gods gerechtigheid uit het geloof werkelijk bezitten. We moeten ons hart beschermen tegen alle aanlokkelijke verleidingen die er makkelijk bezit van nemen. De duivel is slimmer dan we denken en spiegelt ons fraaie dingen voor waar we intuinen. Als we het pantser niet dragen.<\/p>\n<p>&nbsp;<\/p>\n<h3><strong>De <\/strong><strong>Schoenen<\/strong><strong> met de bereidheid voor de verkondiging van de vrede <\/strong><\/h3>\n<p>De Romeinse infanterist droeg sandalen met stevige dikke nagels aan de onderkant. Die gaven grip en houvast in het gevecht. Zo moeten wij bestand zijn tegen de voetangels en klemmen die satan op ons pad brengt. Bedoeld om ons te laten uitglijden en struikelen. Met die schoenen:<\/p>\n<ul>\n<li>zijn we voorbereid op de komende strijd. Want we kennen het evangelie van de vrede met God en we leven daaruit.<\/li>\n<li>zijn we bereid om dat evangelie \u2013 die goede boodschap \u2013 ook door te geven. Ook als dat leidt tot vervolging of verdrukking. Of maakt dat we voor een achterlijk boertje worden aangezien.<\/li>\n<\/ul>\n<h3><strong>Het <\/strong><strong>Schild<\/strong><strong> dat het geloof is<\/strong><\/h3>\n<p>Het schild van de soldaat was van hout, bekleed met leer. Dat werd natgemaakt om brandende pijlen te doven. Zo biedt het persoonlijk geloof bescherming tegen de aanvallen van de vijand. En dat kan werkelijk alles zijn. Occulte zaken. Teleurstellingen die ons benauwen. Gedachten die ons kwellen. Het schild beschermt ons tegen beschadiging. En God zelf (Psalm 84: 10) is dat schild!<\/p>\n<p>&nbsp;<\/p>\n<h3><strong>De <\/strong><strong>Helm<\/strong><strong> van het heil<\/strong><\/h3>\n<p>De helm toonde het legeronderdeel waartoe de infanterist behoorde, zowel als zijn rang. Onze geestelijke helm laat zien dat wij bij God horen. Dat we strijden in Zijn vreemdelingenlegioen. Dat we \u2013 voormalige zondaars \u2013 een nieuwe identiteit in Christus hebben gekregen en Zijn kinderen geworden zijn. Als satan dan probeert ons valse redeneringen te laten aanhangen en ons drogredenen wil doen geloven, is ons hoofd daartegen beschermd in de dag van de strijd. Laten we oppassen: hoe hoger onze rang, hoe feller de aanvallen van de duivel!<\/p>\n<p>&nbsp;<\/p>\n<h3><strong>Het <\/strong><strong>Zwaard<\/strong><strong> van de Geest, dat is: het woord van God<\/strong><\/h3>\n<p>Als de duivel ons aanvalt moeten we hem van repliek dienen. Dan kunnen we het zwaard van de Geest hanteren: <span style=\"color: #ff0000;\">\u201cwant er is geschreven\u2026.\u201d<\/span>. We moeten dan wel Gods woord bestuderen en leren toepassen in de dagelijks praktijk. Want daar kan satan niet tegenop.<\/p>\n<p>&nbsp;<\/p>\n<p>De kracht van het Romeinse leger zat \u2018m niet in de individuele training van elke soldaat (al is die belangrijk!). Het leger won vele veldslagen doordat het als een getrainde gedisciplineerde eenheid optrad. Een duidelijk strijdplan had. En de tactieken van de vijand doorzag en wist te ontwrichten.<\/p>\n<p>&nbsp;<\/p>\n<p>&nbsp;<\/p>\n<p>Als Paulus zo de hele wapenrusting van de infanteriesoldaat in geestelijke zin ten tonele heeft gevoerd sluit hij af met een paar geheime wapens die niet kunnen ontbreken (: 18) <span style=\"color: #ff0000;\">te aller stond biddend in de kracht van de Geest, en daartoe nachtwaken houdend met alle volharding en smeking voor al de heiligen,<\/span>&#8211; Bidden, misschien wel juist als het rustig is in ons leven. Als er geen gevaar lijkt te dreigen en alles op rolletjes lijkt te lopen.<\/p>\n<p>&nbsp;<\/p>\n<p>Want we moeten kiezen, en het is van twee\u00ebn \u00e9\u00e9n:<\/p>\n<p>&nbsp;<\/p>\n<ul>\n<li>Of we bieden weerstand en houden vol<\/li>\n<li>Of we laten ons ompraten en huilen mee met de wolven in het bos.<\/li>\n<\/ul>\n<p>&nbsp;<\/p>\n<h3 style=\"text-align: center;\"><span style=\"color: #0000ff;\"><strong>zijn talrijker\u00a0dan die bij hen horen!<\/strong><\/span><\/h3>\n<h6 style=\"text-align: right;\">2 Kon. 6: 16<\/h6>\n","protected":false},"excerpt":{"rendered":"<p>Hij zegt: vrees niet,-\u00a0want die bij ons horen &nbsp; De kranten staan er vol van. Het journaal en de nieuwsrubrieken raken er niet over uitgepraat. Wapens zijn er alom. Hamas en Fatah gebruiken ze. Boko Haram en Noord Korea ontlenen er hun kracht aan. En dan gaan wij ook nog eens nadenken over een wapenrusting. &hellip; <\/p>\n<p class=\"link-more\"><a href=\"https:\/\/www.vergaderingalkmaar.nl\/?page_id=1276\" class=\"more-link\"><span class=\"screen-reader-text\">&#8220;Preek zondag 17 september 2017&#8221;<\/span> verder lezen<\/a><\/p>\n","protected":false},"author":3,"featured_media":0,"parent":588,"menu_order":0,"comment_status":"closed","ping_status":"closed","template":"","meta":[],"_links":{"self":[{"href":"https:\/\/www.vergaderingalkmaar.nl\/index.php?rest_route=\/wp\/v2\/pages\/1276"}],"collection":[{"href":"https:\/\/www.vergaderingalkmaar.nl\/index.php?rest_route=\/wp\/v2\/pages"}],"about":[{"href":"https:\/\/www.vergaderingalkmaar.nl\/index.php?rest_route=\/wp\/v2\/types\/page"}],"author":[{"embeddable":true,"href":"https:\/\/www.vergaderingalkmaar.nl\/index.php?rest_route=\/wp\/v2\/users\/3"}],"replies":[{"embeddable":true,"href":"https:\/\/www.vergaderingalkmaar.nl\/index.php?rest_route=%2Fwp%2Fv2%2Fcomments&post=1276"}],"version-history":[{"count":1,"href":"https:\/\/www.vergaderingalkmaar.nl\/index.php?rest_route=\/wp\/v2\/pages\/1276\/revisions"}],"predecessor-version":[{"id":1277,"href":"https:\/\/www.vergaderingalkmaar.nl\/index.php?rest_route=\/wp\/v2\/pages\/1276\/revisions\/1277"}],"up":[{"embeddable":true,"href":"https:\/\/www.vergaderingalkmaar.nl\/index.php?rest_route=\/wp\/v2\/pages\/588"}],"wp:attachment":[{"href":"https:\/\/www.vergaderingalkmaar.nl\/index.php?rest_route=%2Fwp%2Fv2%2Fmedia&parent=1276"}],"curies":[{"name":"wp","href":"https:\/\/api.w.org\/{rel}","templated":true}]}}