{"id":1170,"date":"2016-09-04T17:16:27","date_gmt":"2016-09-04T16:16:27","guid":{"rendered":"http:\/\/www.vergaderingalkmaar.nl\/?page_id=1170"},"modified":"2016-09-04T17:16:27","modified_gmt":"2016-09-04T16:16:27","slug":"preek-zondag-4-september-2016","status":"publish","type":"page","link":"https:\/\/www.vergaderingalkmaar.nl\/?page_id=1170","title":{"rendered":"Preek zondag 4 september 2016"},"content":{"rendered":"<h3 style=\"text-align: center;\"><span style=\"color: #0000ff;\"><strong>Wie een misstap toedekt zoekt liefde,-<\/strong><\/span><\/h3>\n<h3 style=\"text-align: center;\"><span style=\"color: #0000ff;\"><strong>wie een uitspraak herhaalt brengt scheiding tussen vertrouwden.<\/strong><\/span><\/h3>\n<p>&nbsp;<\/p>\n<p>Vriendschap is in de bijbel een groot goed. Mensen die naast elkaar staan, of schouder aan schouder. Mensen die elkaar als \u2018maat\u2019 kennen. Een relatie die toch ook verder gaat dan kameraadschap. Je doet dingen als kameraden samen, maar tussen vrienden komt daar iets extra\u2019s bij. Je ervaart of ontdekt als vrienden \u2013 tussen twee individuen \u2013 een gezamenlijke waarheid. Mensen met wie je iets gezamenlijks deelt \u2013 een godsdienst, een studie, een beroep, een vrijetijdsbesteding \u2013 zijn je kameraden. Maar de enkeling die dezelfde emoties heeft als jij over een bepaalde zaak kan je vriend zijn. Anderen zullen die emoties nauwelijks snappen. Vrienden vinden elkaar in vrijheid. Vrienden hebben niet iets samen, zij genieten iets samen.<\/p>\n<p>&nbsp;<\/p>\n<p>In de bijbel is er misschien geen mooier voorbeeld van een echte vriendschap dan die tussen Jehonathan en David. De \u00e9\u00e9n is zoon van Isra\u00ebls eerste koning (en zou mogen verwachten zijn vader op te volgen), maar de ander is intussen gezalfd als die opvolger. Tussen hen beiden ontstaat een diepe vriendschap, die een vorm van liefde is.<\/p>\n<p>&nbsp;<\/p>\n<p>We lopen een aantal aspecten van de vriendschap tussen Jonathan en David door, aan de hand van een stel bijbelteksten.<\/p>\n<p>&nbsp;<\/p>\n<p><strong>Vriendschap knoopt twee individuen aan elkaar<\/strong>. 1 Sam 18: 1: <span style=\"color: #ff0000;\">En het geschiedt: met dat hij voleindigd heeft tot Saul te spreken is de ziel van Jehonatan al verknocht aan Davids ziel; Jehonatan krijgt hem lief als zijn eigen ziel.<\/span> Jehonatan en David hadden verregaand dezelfde instelling (lees bijv. 1 Sam 14: 1 \u2013 15 over Jehonatans onverschrokkenheid!)<\/p>\n<p><strong>Vriendschap is een heel nauwe relatie.<\/strong> 2 Sam 1: 26 : <span style=\"color: #ff0000;\">ik ben beangst over jou, mijn broeder Jehonatan, je was mij zo dierbaar; een groter wonder was jouw liefde voor mij dan liefde van vrouwen!<\/span>&#8211; En in 1 Sam. 20: 23 lezen we dat vriendschap tussen beide mannen gebaseerd is op de relatie die ze allebei persoonlijk hebben met God: <span style=\"color: #ff0000;\">de Ene is tussen mij en jou tot in eeuwigheid!<\/span><\/p>\n<p><strong>Vriendschap is een verbond.<\/strong> 1 Sam. 18: 3: <span style=\"color: #ff0000;\">Jehonatan smeedt met David een verbond,- omdat hij hem liefheeft als zijn eigen ziel.<\/span> En in het volgende vers geeft Jehonatan zijn overkleed aan David: daarmee erkent hij de koninklijke aanspraken van zijn vriend!<\/p>\n<p><strong>Vrienden komen voor elkaar op.<\/strong> 1 Sam. 19: 4 \u2013 6: <span style=\"color: #ff0000;\">Dan spreekt Jehonatan over David niets dan goed tot Saul, zijn vader;<\/span><\/p>\n<p><strong>Vrienden helpen elkaar onvoorwaardelijk.<\/strong> 1 Sam. 20. De ultieme vorm hiervan staat in Johannes 15: 13: <span style=\"color: #ff0000;\">Grotere liefde dan deze heeft niemand: dat iemand zijn lijf-en-ziel inzet voor zijn vrienden.<\/span><\/p>\n<p><strong>Vrienden delen hun emoties.<\/strong> Delen blijdschap zowel als verdriet. 1 Sam. 20:40, 41: <span style=\"color: #ff0000;\">David is opgestaan van de zijkant van het steenblok,- valt op zijn neusgaten ter aarde en buigt zich drie malen;\u00a0<\/span><span style=\"color: #ff0000;\">zij kussen elkaar, man en metgezel, en wenen, man over metgezel, totdat David zich weer groothoudt.<\/span><\/p>\n<p>En in 1 Sam. 23: 17 spreekt Jehonatan zonder reserves over David als de komende koning.<\/p>\n<p><strong>Vrienden bemoedigen elkaar.<\/strong> 1 Sam. 23: 14 \u2013 28: <span style=\"color: #ff0000;\">Dan staat Sauls zoon Jehonatan op en gaat naar David toe, naar Choresja; hij sterkt zijn hand met God.<\/span> Saul is erop uit om David te doden. Maar Jehonatan versterkt Davids geloofsvertrouwen dat het God niet uit de hand zal lopen. En Jehonatan schuift David in alle opzichten naar voren.<\/p>\n<p><strong>Vrienden zijn en blijven trouw aan elkaar. <\/strong>Door dik en dun. En door de jaren heen. 2 Sam. 1: 23: <span style=\"color: #ff0000;\">Saul en Jehonatan, zo geliefd en zo dierbaar in hun leven, zijn in hun dood niet gescheiden; lichtvoetiger dan arenden waren ze, heldhaftiger dan leeuwen;<\/span> David eert op ontroerende wijze zowel zijn vriend Jehonatan als diens vader Saul in zijn klaagzang.<\/p>\n<p>En jaren later is David zijn vriend niet vergeten. Integendeel: 2 Sam 9. Opnieuw eert David zowel Saul als Jehonatan, als hij naspeuringen laat verrichten om te zien of er nog iemand leeft die afstamt van het geslacht van koning Saul. <span style=\"color: #ff0000;\">David zegt: wie is er nog die is overgebleven van het huis van Saul?-\u00a0ik wil hem vriendschap bewijzen, omwille van Jehonatan!<\/span> Er blijkt nog een kreupele zoon van Jehonatan te zijn. En \u2013 kreupel of niet \u2013 David haalt Mefibosjet naar Jeruzalem, want <span style=\"color: #ff0000;\">\u2018Mefibosjet\u00a0zal eten aan mijn tafel als een van de zonen van de koning!\u2019<\/span><\/p>\n<p>&nbsp;<\/p>\n<p>Zo ziet God in ons een rijkdom en een toekomst waarvan wij ons lang niet altijd bewust durven te zijn. God is een Vriend die trouw blijft en altijd weer nieuwe kansen geeft.<\/p>\n<p>&nbsp;<\/p>\n<h3 style=\"text-align: center;\"><span style=\"color: #0000ff;\"><strong>Een makker heeft te allen tijde lief,-<\/strong><\/span><\/h3>\n<h3 style=\"text-align: center;\"><span style=\"color: #0000ff;\"><strong>in nood wordt een broeder geboren.<\/strong><\/span><\/h3>\n","protected":false},"excerpt":{"rendered":"<p>Wie een misstap toedekt zoekt liefde,- wie een uitspraak herhaalt brengt scheiding tussen vertrouwden. &nbsp; Vriendschap is in de bijbel een groot goed. Mensen die naast elkaar staan, of schouder aan schouder. Mensen die elkaar als \u2018maat\u2019 kennen. Een relatie die toch ook verder gaat dan kameraadschap. Je doet dingen als kameraden samen, maar tussen &hellip; <\/p>\n<p class=\"link-more\"><a href=\"https:\/\/www.vergaderingalkmaar.nl\/?page_id=1170\" class=\"more-link\"><span class=\"screen-reader-text\">&#8220;Preek zondag 4 september 2016&#8221;<\/span> verder lezen<\/a><\/p>\n","protected":false},"author":3,"featured_media":0,"parent":588,"menu_order":0,"comment_status":"closed","ping_status":"closed","template":"","meta":[],"_links":{"self":[{"href":"https:\/\/www.vergaderingalkmaar.nl\/index.php?rest_route=\/wp\/v2\/pages\/1170"}],"collection":[{"href":"https:\/\/www.vergaderingalkmaar.nl\/index.php?rest_route=\/wp\/v2\/pages"}],"about":[{"href":"https:\/\/www.vergaderingalkmaar.nl\/index.php?rest_route=\/wp\/v2\/types\/page"}],"author":[{"embeddable":true,"href":"https:\/\/www.vergaderingalkmaar.nl\/index.php?rest_route=\/wp\/v2\/users\/3"}],"replies":[{"embeddable":true,"href":"https:\/\/www.vergaderingalkmaar.nl\/index.php?rest_route=%2Fwp%2Fv2%2Fcomments&post=1170"}],"version-history":[{"count":1,"href":"https:\/\/www.vergaderingalkmaar.nl\/index.php?rest_route=\/wp\/v2\/pages\/1170\/revisions"}],"predecessor-version":[{"id":1171,"href":"https:\/\/www.vergaderingalkmaar.nl\/index.php?rest_route=\/wp\/v2\/pages\/1170\/revisions\/1171"}],"up":[{"embeddable":true,"href":"https:\/\/www.vergaderingalkmaar.nl\/index.php?rest_route=\/wp\/v2\/pages\/588"}],"wp:attachment":[{"href":"https:\/\/www.vergaderingalkmaar.nl\/index.php?rest_route=%2Fwp%2Fv2%2Fmedia&parent=1170"}],"curies":[{"name":"wp","href":"https:\/\/api.w.org\/{rel}","templated":true}]}}