{"id":114,"date":"2010-10-26T19:51:39","date_gmt":"2010-10-26T18:51:39","guid":{"rendered":"http:\/\/www.vergaderingalkmaar.nl\/?page_id=114"},"modified":"2019-11-13T01:37:06","modified_gmt":"2019-11-13T00:37:06","slug":"preek-zondag-24-oktober-2010","status":"publish","type":"page","link":"https:\/\/www.vergaderingalkmaar.nl\/?page_id=114","title":{"rendered":"Preek zondag 24 oktober 2010"},"content":{"rendered":"<p>\u00a0<\/p>\n<div style=\"mso-element: para-border-div; border: solid windowtext 1.0pt; mso-border-alt: solid windowtext .5pt; padding: 1.0pt 4.0pt 1.0pt 4.0pt;\">\n<p class=\"MsoNormal\" style=\"text-align: center; mso-line-height-alt: 13.0pt; mso-pagination: none; mso-layout-grid-align: none; text-autospace: none; border: none; mso-border-alt: solid windowtext .5pt; padding: 0cm; mso-padding-alt: 1.0pt 4.0pt 1.0pt 4.0pt;\" align=\"center\"><span style=\"font-size: 14.0pt; mso-bidi-font-size: 11.0pt; mso-bidi-font-family: Tahoma; color: blue;\">Ik zeg tot God, mijn Rots: waarom hebt gij mij vergeten?<\/span><\/p>\n<\/p><\/div>\n<p class=\"MsoNormal\">\u00a0<\/p>\n<p class=\"MsoNormal\">\u00a0<\/p>\n<p class=\"MsoNormal\">\u00a0<\/p>\n<p class=\"MsoNormal\" style=\"line-height: 13.0pt;\">Wie kent het niet. Het gevoel dat je niks te wensen hebt en toch niet gelukkig bent. De wetenschap dat het je aan niks ontbreekt en je toch onvoldaan bent. Het feit dat je alles hebt en je toch ontevreden bent. De situatie dat je geloof op een laag pitje staat. Dat je jezelf geweldig tegenvalt.<\/p>\n<p class=\"MsoNormal\" style=\"line-height: 13.0pt;\">De situatie dat God je al zijn grootheid en geweldigheid laat zien en het je weinig doet.<\/p>\n<p class=\"MsoNormal\">\u00a0<\/p>\n<p class=\"MsoNormal\" style=\"line-height: 13.0pt; mso-pagination: none; mso-layout-grid-align: none; text-autospace: none;\">Zo een situatie tref je aan in Jesaja 49. God vertelt dat Hij een dienaar naar de wereld zal sturen voor onze redding. En dat niet louter voor het volk Israel, maar voor heel de wereld. \u201c <span style=\"mso-bidi-font-size: 11.0pt; mso-bidi-font-family: Tahoma; color: red;\">gegeven heb ik je ook tot een licht voor de volkeren, dat mijn heil zal reiken tot de rand van de aarde!<\/span><span style=\"mso-bidi-font-size: 11.0pt; mso-bidi-font-family: Tahoma;\">\u201d<\/span><span style=\"font-size: 11.0pt; font-family: Tahoma; mso-bidi-font-family: Tahoma;\"> <\/span><span style=\"mso-bidi-font-size: 11.0pt; mso-bidi-font-family: Tahoma;\">En dat blijft ook niet staan bij de redding uit ballingschap:<\/span><span style=\"font-size: 11.0pt; font-family: Tahoma; mso-bidi-font-family: Tahoma;\"> <\/span><span style=\"mso-bidi-font-size: 11.0pt; mso-bidi-font-family: Tahoma;\">\u201c<\/span><span style=\"font-size: 11.0pt; font-family: Tahoma; mso-bidi-font-family: Tahoma;\"> <\/span><span style=\"mso-bidi-font-size: 11.0pt; mso-bidi-font-family: Tahoma; color: red;\">Zie, zij komen aan van verre,- zie, zij uit het noorden en van de zeekant, en zij uit het land van Siniem<\/span><span style=\"mso-bidi-font-size: 11.0pt; mso-bidi-font-family: Tahoma;\">.\u201d <\/span><\/p>\n<p class=\"MsoNormal\" style=\"line-height: 13.0pt; mso-pagination: none; mso-layout-grid-align: none; text-autospace: none;\"><span style=\"mso-bidi-font-size: 11.0pt; mso-bidi-font-family: Tahoma;\"> <\/span><\/p>\n<p class=\"MsoNormal\" style=\"line-height: 13.0pt; mso-pagination: none; mso-layout-grid-align: none; text-autospace: none;\"><span style=\"mso-bidi-font-size: 11.0pt; mso-bidi-font-family: Tahoma;\">De reactie van de aangesprokenen is sceptisch. Prachtig hoor, al die beloften voor later. Maar hoe zit het met het hier-en-nu?<span style=\"mso-spacerun: yes;\"> <\/span>Jeruzalem is verwoest. De tempel een ru\u00efne. Houd God echt wel van ons? <\/span><\/p>\n<p class=\"MsoNormal\" style=\"line-height: 13.0pt; mso-pagination: none; mso-layout-grid-align: none; text-autospace: none;\"><span style=\"mso-bidi-font-size: 11.0pt; mso-bidi-font-family: Tahoma;\">Het punt is niet eens dat het volk God niet gelooft. Dat doen ze nog wel denkelijk. Maar ze kunnen er helemaal niks mee. Ze voelen er niks bij. Voor hun dagelijks leven heeft het geen enkel nut. In moeilijke tijden kan ook ons dat makkelijk gebeuren. Dat we ons geluk voelen wegvallen. En dat geluk eerder in omstandigheden zoeken dan in God zelf. We voelen ons verlaten en vergeten.<\/span><\/p>\n<p class=\"MsoNormal\" style=\"line-height: 13.0pt; mso-pagination: none; mso-layout-grid-align: none; text-autospace: none;\"><span style=\"mso-bidi-font-size: 11.0pt; mso-bidi-font-family: Tahoma;\"> <\/span><\/p>\n<p class=\"MsoNormal\" style=\"line-height: 13.0pt; mso-pagination: none; mso-layout-grid-align: none; text-autospace: none;\"><span style=\"mso-bidi-font-size: 11.0pt; mso-bidi-font-family: Tahoma;\">Gods reactie is die van een gepassioneerd minnaar. Die zijn liefde uitschreeuwt bijna: <br \/> \u201c<span style=\"color: red;\"> Kan een vrouw haar zuigeling vergeten, zich niet ontfermen over het kind van haar schoot?-<\/span><\/span><\/p>\n<p class=\"MsoNormal\" style=\"line-height: 13.0pt; mso-pagination: none; mso-layout-grid-align: none; text-autospace: none;\"><span style=\"mso-bidi-font-size: 11.0pt; mso-bidi-font-family: Tahoma; color: red;\">al zou zij die vergeten, \u00edk vergeet jou niet!<\/span><span style=\"mso-bidi-font-size: 11.0pt; mso-bidi-font-family: Tahoma;\">\u201d<span style=\"color: red;\"> <\/span>God zegt niet dat we ons niet moeten aanstellen. Hij negeert ons niet. Maar hij neemt ons serieus. God stelt Zijn waarheid tegenover onze emotie. Hij zegt niet dat we de ellende maar moeten leren hanteren. Hij laat ons nadenken over wie hij is. Hij vraagt ons na te denken over de relatie tussen een moeder en haar jonge kind. Een kind dat zichzelf niet kan redden. Dat compleet afhankelijk is van de moeder. Tussen moeder en kind bestaat niet zoiets als een ruilrelatie: \u201c <em style=\"mso-bidi-font-style: normal;\">als jij dit doet, krijg je dat<\/em>.\u201d De moeder geeft alles. Ze krijgt helemaal niets van de baby. De moeder leeft helemaal voor haar kindje, met alle opoffering die daar bij hoort.<\/span><\/p>\n<p class=\"MsoNormal\" style=\"line-height: 13.0pt; mso-pagination: none; mso-layout-grid-align: none; text-autospace: none;\"><span style=\"mso-bidi-font-size: 11.0pt; mso-bidi-font-family: Tahoma;\"> <\/span><\/p>\n<p class=\"MsoNormal\" style=\"line-height: 13.0pt; mso-pagination: none; mso-layout-grid-align: none; text-autospace: none;\"><span style=\"mso-bidi-font-size: 11.0pt; mso-bidi-font-family: Tahoma;\">\u201c Kijk,\u201d<span style=\"mso-spacerun: yes;\"> <\/span>zegt God, \u201c vergelijk dat met de liefde die ik voor jou voel. Ook al ben je als een baby die alleen maar neemt en niks geeft, mijn liefde voor jou is en blijft onvoorwaardelijk. Mijn liefde kan niet worden verwoest.\u201d<span style=\"mso-spacerun: yes;\"> <\/span><\/span><\/p>\n<p class=\"MsoNormal\" style=\"line-height: 13.0pt; mso-pagination: none; mso-layout-grid-align: none; text-autospace: none;\"><span style=\"mso-bidi-font-size: 11.0pt; mso-bidi-font-family: Tahoma;\">En God onderstreept dat nog eens. Met een soort overtreffende trap. \u201c <span style=\"color: red;\">Zie, in mijn handpalmen heb ik je gegrift,-<\/span>\u201c Echte liefde blijkt niet uit woorden, maar uit daden. Het is mooi dat iemand zegt dat hij of zij van je houdt. Maar blijken doet dat uit feitelijk gedrag. God zegt in de metafoor dat hij ons in zijn handpalmen heeft gegraveerd. <\/span><\/p>\n<p class=\"MsoNormal\" style=\"line-height: 13.0pt; mso-pagination: none; mso-layout-grid-align: none; text-autospace: none;\"><span style=\"mso-bidi-font-size: 11.0pt; mso-bidi-font-family: Tahoma;\">Toen Tomas de door spijkers verminkte handen van de Heer zag, zag hij letterlijk hoe groot Jezus\u2019 liefde voor hem was. <\/span><\/p>\n<p class=\"MsoNormal\" style=\"line-height: 13.0pt; mso-pagination: none; mso-layout-grid-align: none; text-autospace: none;\"><span style=\"mso-bidi-font-size: 11.0pt; mso-bidi-font-family: Tahoma;\"><br \/> En als wij ons eenzaam en verlaten voelen? Vragen we dan God om zijn blijdschap terug te mogen krijgen? Willen we dat echt? Zoals David dat vroeg in psalm 51: <\/span><\/p>\n<p class=\"MsoNormal\" style=\"line-height: 13.0pt; mso-pagination: none; mso-layout-grid-align: none; text-autospace: none;\"><span style=\"mso-bidi-font-size: 11.0pt; mso-bidi-font-family: Tahoma;\">\u201c <span style=\"color: red;\">Doe mij horen bl\u00edjdschap en vr\u00e9ugde,\u00a0dan juichen de b\u00e9enderen die gij h\u00e9bt versl\u00e1gen!<\/span>\u201d En <\/span><\/p>\n<p class=\"MsoNormal\" style=\"line-height: 13.0pt; mso-pagination: none; mso-layout-grid-align: none; text-autospace: none;\"><span style=\"mso-bidi-font-size: 11.0pt; mso-bidi-font-family: Tahoma;\">\u201c <span style=\"color: red;\">Keer tot mij weer met verr\u00fakking om uw bevr\u00edjding,\u2026<\/span>.\u201d<\/span><\/p>\n<p class=\"MsoNormal\" style=\"line-height: 13.0pt; mso-pagination: none; mso-layout-grid-align: none; text-autospace: none;\"><span style=\"mso-bidi-font-size: 11.0pt; mso-bidi-font-family: Tahoma;\"> <\/span><\/p>\n<p class=\"MsoNormal\" style=\"line-height: 13.0pt; mso-pagination: none; mso-layout-grid-align: none; text-autospace: none;\"><span style=\"mso-bidi-font-size: 11.0pt; mso-bidi-font-family: Tahoma;\">Als wij zoiets aan God vragen, hoe zal Hij dan antwoorden? <\/span><\/p>\n<p class=\"MsoNormal\" style=\"line-height: 13.0pt; mso-pagination: none; mso-layout-grid-align: none; text-autospace: none;\"><span style=\"mso-bidi-font-size: 11.0pt; mso-bidi-font-family: Tahoma; mso-ansi-language: EN-US;\" lang=\"EN-US\">\u201c <span style=\"color: red;\">en ik mag komen, tot het altaar van God, tot de God van mijn jubelende vreugde,\u00a0en zal juichen, u d\u00e1nken bij de h\u00e1rp, o G\u00f3d, m\u00edjn G\u00f3d!<\/span>\u201d <\/span><\/p>\n<p class=\"MsoNormal\">\u00a0<\/p>\n<p class=\"MsoNormal\">\u00a0<\/p>\n<div style=\"mso-element: para-border-div; border: solid windowtext 1.0pt; mso-border-alt: solid windowtext .5pt; padding: 1.0pt 4.0pt 1.0pt 4.0pt;\">\n<p class=\"MsoNormal\" style=\"border: none; mso-border-alt: solid windowtext .5pt; padding: 0cm; mso-padding-alt: 1.0pt 4.0pt 1.0pt 4.0pt;\"><span style=\"font-size: 14.0pt; mso-bidi-font-size: 11.0pt; mso-bidi-font-family: Tahoma; color: blue;\">want \u00e9ens zal ik hem d\u00e1nken, die mijn aanschijn bevr\u00edjdt, d\u00ede mijn G\u00f3d is<\/span><\/p>\n<\/p><\/div>\n<p class=\"MsoNormal\"><span style=\"font-size: 11.0pt; font-family: Tahoma; mso-bidi-font-family: Tahoma;\"> <\/span><\/p>\n<p>\u00a0<\/p>\n","protected":false},"excerpt":{"rendered":"<p>\u00a0 Ik zeg tot God, mijn Rots: waarom hebt gij mij vergeten? \u00a0 \u00a0 \u00a0 Wie kent het niet. Het gevoel dat je niks te wensen hebt en toch niet gelukkig bent. De wetenschap dat het je aan niks ontbreekt en je toch onvoldaan bent. Het feit dat je alles hebt en je toch ontevreden &hellip; <\/p>\n<p class=\"link-more\"><a href=\"https:\/\/www.vergaderingalkmaar.nl\/?page_id=114\" class=\"more-link\"><span class=\"screen-reader-text\">&#8220;Preek zondag 24 oktober 2010&#8221;<\/span> verder lezen<\/a><\/p>\n","protected":false},"author":1,"featured_media":0,"parent":588,"menu_order":102,"comment_status":"closed","ping_status":"open","template":"","meta":[],"_links":{"self":[{"href":"https:\/\/www.vergaderingalkmaar.nl\/index.php?rest_route=\/wp\/v2\/pages\/114"}],"collection":[{"href":"https:\/\/www.vergaderingalkmaar.nl\/index.php?rest_route=\/wp\/v2\/pages"}],"about":[{"href":"https:\/\/www.vergaderingalkmaar.nl\/index.php?rest_route=\/wp\/v2\/types\/page"}],"author":[{"embeddable":true,"href":"https:\/\/www.vergaderingalkmaar.nl\/index.php?rest_route=\/wp\/v2\/users\/1"}],"replies":[{"embeddable":true,"href":"https:\/\/www.vergaderingalkmaar.nl\/index.php?rest_route=%2Fwp%2Fv2%2Fcomments&post=114"}],"version-history":[{"count":1,"href":"https:\/\/www.vergaderingalkmaar.nl\/index.php?rest_route=\/wp\/v2\/pages\/114\/revisions"}],"predecessor-version":[{"id":1647,"href":"https:\/\/www.vergaderingalkmaar.nl\/index.php?rest_route=\/wp\/v2\/pages\/114\/revisions\/1647"}],"up":[{"embeddable":true,"href":"https:\/\/www.vergaderingalkmaar.nl\/index.php?rest_route=\/wp\/v2\/pages\/588"}],"wp:attachment":[{"href":"https:\/\/www.vergaderingalkmaar.nl\/index.php?rest_route=%2Fwp%2Fv2%2Fmedia&parent=114"}],"curies":[{"name":"wp","href":"https:\/\/api.w.org\/{rel}","templated":true}]}}