{"id":1137,"date":"2016-06-27T09:15:27","date_gmt":"2016-06-27T08:15:27","guid":{"rendered":"http:\/\/www.vergaderingalkmaar.nl\/?page_id=1137"},"modified":"2016-06-27T09:15:27","modified_gmt":"2016-06-27T08:15:27","slug":"preek-zondag-26-juni-2016","status":"publish","type":"page","link":"https:\/\/www.vergaderingalkmaar.nl\/?page_id=1137","title":{"rendered":"Preek zondag 26 juni 2016"},"content":{"rendered":"<h3 style=\"text-align: center;\"><span style=\"color: #0000ff;\"><strong>Zo blijft het dan: geloof, hoop, liefde,<\/strong><\/span><\/h3>\n<h3 style=\"text-align: center;\"><span style=\"color: #0000ff;\"><strong>&#8211; deze drie;<\/strong><\/span><\/h3>\n<p>&nbsp;<\/p>\n<p><span style=\"color: #0000ff;\"><em>Wanneer je iemand \u2013 die je niet kent \u2013 heel erg ziet huilen, wat doe je dan? Alsof je niks merkt? Je maakt je uit de voeten? Het is immers jou zaak of probleem niet?<\/em><\/span><\/p>\n<p><span style=\"color: #0000ff;\"><em>Of haal je een glaasje water voor zo iemand. En geef je je zakdoek? <\/em><\/span><\/p>\n<p><span style=\"color: #0000ff;\"><em>Ben jij je broeders of zusters hoeder?<\/em><\/span><\/p>\n<p>&nbsp;<\/p>\n<p>De uitdrukking \u2018mijn broeders hoeder\u2019 komt uit de bijbel. En de eerste vermelding daarvan is wel een heel negatieve.<\/p>\n<p>Beide zonen van Adam en Eva brengen God een offer. Abel van de eerstelingen van zijn wolvee, en Ka\u00efn brengt een broodgift. Als blijkt dat God het offer van Ka\u00efn negeert en dat van Abel aanvaardt wordt Ka\u00efn laaiend. Hij slaat zijn broer dood.<\/p>\n<p>God spreekt dan Ka\u00efn aan: <span style=\"color: #ff0000;\">waar is Abel, je broer?- hij zegt: mij onbekend,- <strong>ben \u00edk mijns broeders hoeder?<\/strong><\/span> Een ongelooflijk bot antwoord: hij was de moordenaar van zijn eigen broer!<\/p>\n<p>&nbsp;<\/p>\n<p>In de geschiedenis van Jozef zien we de hoofdpersoon als iemand die wel de hoeder van zijn broers wilde wezen.<\/p>\n<p>Jozef is de lieveling van zijn vader. Zijn broers haten hem daarom. Op een dag stuurt vader Jacob zijn zoon Jozef naar zijn broers die de schapen hoeden. Het is de bedoeling dat Jozef laat weten hoe het met zijn broers gaat.<\/p>\n<p>Zijn broers haten hem net als Ka\u00efn Abel haatte. Alleen een slimmigheidje van oudste broer Ruben voorkomt dat ze Jozef vermoorden.<\/p>\n<p>Jozef wordt verkocht aan een voorbijtrekkende karavaan en komt in Egypte. Daar maakt hij op een wonderlijke manier carri\u00e8re. Hij wordt na Farao de tweede bewindvoerder in Egypte.<\/p>\n<p>&nbsp;<\/p>\n<p>Dan breekt er hongersnood uit en Egypte heeft nog volop koren. De stammen van buiten Egypte trekken naar dat land om eten te kopen. Zo ook de broers van Jozef.<\/p>\n<p>Bij de ontmoeting herkennen de broers Jozef niet, maar hij herkent zijn broers wel.<\/p>\n<p>&nbsp;<\/p>\n<p>Als Jozef bij de tweede ontmoeting vertelt wie hij is schrikken de broers zich lam. Ze vrezen dat hun laatste uur geslagen heeft. Zou Jozef het hem aangedane onrecht niet willen wreken?<\/p>\n<p>&nbsp;<\/p>\n<p>Jozef echter toont zich werkelijk \u2018zijn broeders hoeder.\u2019 Zijn liefde voor zijn broers gaat voor hem boven zijn macht als heerser e zijn aanzien in Egypte. (Gen 45 : 14, 15) <span style=\"color: #ff0000;\">Dan valt hij zijn broer Benjamin om de hals en weent, ook Benjamin heeft geweend toen hij hem omhelsde. Hij kust al zijn broeders en weent om hen, en na dat alles hebben zijn broeders met hem durven spreken.<\/span> Het is alsof je de Heer Jezus hoort zeggen (Luk. 15: 22) <span style=\"color: #ff0000;\">vol verlangen heb ik ernaar verlangd v\u00f3\u00f3r mijn paaslijden dit pesach met u te eten;<\/span><\/p>\n<p>&nbsp;<\/p>\n<p>Wat heeft dat ons nu te zeggen? Een christen heeft nieuw DNA gekregen (2 Kor. 5: 17): <span style=\"color: #ff0000;\">Want al wie \u00e9\u00e9n met Christus is, is een nieuwe schepping;<\/span> Wij zijn overgegaan uit de dood in het leven en dat weten we (1 Joh. 3: 14) <span style=\"color: #ff0000;\"><strong>omdat<\/strong> we de broeders-en-zusters liefhebben; <strong>wie die niet liefheeft, blijft in de dood;<\/strong><\/span><\/p>\n<p>&nbsp;<\/p>\n<p>Als zijn broers weer teruggaan zegt Jozef (Gen 45: 24): <span style=\"color: #ff0000;\">wind je niet op onderweg!<\/span> Maak geen ruzie!<\/p>\n<p>Johannes, die als geen ander schrijft over de liefde, bevestigt in Joh. 20: 17 de broederschap van en met de Heer Jezus: <span style=\"color: #ff0000;\">maar ga voort naar <strong>mijn broeders<\/strong> en zeg tot hen: ik klim op naar mijn Vader,- ook \u00faw Vader, en naar mijn God,- ook \u00faw God!<\/span><\/p>\n<p>&nbsp;<\/p>\n<p>Johannes formuleert het liefdes<strong>gebod<\/strong> (want dat is het) heel absoluut: (1 Joh. 3: 10) <span style=\"color: #ff0000;\">wie niet liefheeft\u00a0zijn broeder-of-zuster is niet uit God, En een hoofdstuk later (1 Joh. 4:20) Als iemand zegt \u2018ik heb God lief\u2019 en zijn broeder-of-zuster haat, is hij een leugenaar;<\/span><\/p>\n<p>&nbsp;<\/p>\n<p>Het leven van een christen is een oefening in liefde. Allereerst onder elkaar. Want Gods koninkrijk loopt op liefde en op niks anders. Voor niet-christenen zou dat h\u00e8t kenmerk van ons christenen moeten zijn. Als krachtig signaal naar heel de wereld. Broederschap: gevleugeld woord van de Franse revolutie, maar als eerste gesneuveld in diezelfde revolutie. Het is d\u00e8 opdracht voor christenen.<\/p>\n<p>&nbsp;<\/p>\n<p>Christenen zijn \u2013 per definitie! \u2013 elkaars hoeders.<\/p>\n<p>&nbsp;<\/p>\n<p style=\"text-align: center;\"><span style=\"color: #0000ff;\">Ubi caritas et amor, Deus ibi est.<\/span><\/p>\n<p style=\"text-align: center;\"><span style=\"color: #0000ff;\">Waar liefde is, daar is God.<\/span><\/p>\n<p>&nbsp;<\/p>\n<h3 style=\"text-align: center;\"><span style=\"color: #0000ff;\"><strong>maar de grootste van deze is de liefde!<\/strong><\/span><\/h3>\n<!--[if lt IE 9]><script>document.createElement('audio');<\/script><![endif]-->\n<audio class=\"wp-audio-shortcode\" id=\"audio-1137-1\" preload=\"none\" style=\"width: 100%;\" controls=\"controls\"><source type=\"audio\/mpeg\" src=\"http:\/\/www.vergaderingalkmaar.nl\/wp-content\/uploads\/2016\/06\/14-The-Greatest-of-These.mp3?_=1\" \/><a href=\"http:\/\/www.vergaderingalkmaar.nl\/wp-content\/uploads\/2016\/06\/14-The-Greatest-of-These.mp3\">http:\/\/www.vergaderingalkmaar.nl\/wp-content\/uploads\/2016\/06\/14-The-Greatest-of-These.mp3<\/a><\/audio>\n<p>The Greatest of These; Choral Essays 1, The Kings Singers<\/p>\n<p>&nbsp;<\/p>\n<p>Though in declaring Christ to the sinner, I may all men surpass,<\/p>\n<div class=\"page\" title=\"Page 5\">\n<div class=\"section\">\n<div class=\"layoutArea\">\n<div class=\"column\">\n<p>If love impassioned seal not the message, I am nought but sounding brass.<\/p>\n<\/div>\n<\/div>\n<div class=\"layoutArea\">\n<div class=\"column\">\n<p><em><span style=\"color: #0000ff;\">Love suffereth patiently; Love worketh silently; Love seeketh not her own. Love never faileth; Love still prevaileth, Lord, in me thy love enthrone!<\/span><\/em><\/p>\n<\/div>\n<\/div>\n<div class=\"layoutArea\">\n<div class=\"column\">\n<p>Though I have wisdom lighting all mysteries; Though I may all things know;<br \/>\nThough great my faith be, removing mountains, Without love \u2019tis empty show.<\/p>\n<p><span style=\"color: #0000ff;\"><em>Love suffereth patiently&#8230;<\/em><\/span><\/p>\n<p>Though I distribute all my possessions; Though as a martyr die;<br \/>\nMy sacrifices profit me nothing, Unless love doth sanctify.<\/p>\n<p><span style=\"color: #0000ff;\"><em>Love suffereth patiently&#8230;<\/em><\/span><\/p>\n<\/div>\n<\/div>\n<\/div>\n<\/div>\n<audio class=\"wp-audio-shortcode\" id=\"audio-1137-2\" preload=\"none\" style=\"width: 100%;\" controls=\"controls\"><source type=\"audio\/mpeg\" src=\"http:\/\/www.vergaderingalkmaar.nl\/wp-content\/uploads\/2016\/06\/01-Gjeilo_-Ubi-Caritas.m4a?_=2\" \/><a href=\"http:\/\/www.vergaderingalkmaar.nl\/wp-content\/uploads\/2016\/06\/01-Gjeilo_-Ubi-Caritas.m4a\">http:\/\/www.vergaderingalkmaar.nl\/wp-content\/uploads\/2016\/06\/01-Gjeilo_-Ubi-Caritas.m4a<\/a><\/audio>\n<p>Ubi\u00a0Caritas; Lux, Voces8<\/p>\n<p>&nbsp;<\/p>\n<p>Ubi caritas et amor, Deus ibi est.<br \/>\nCongregavit nos in umum Christi amor.<br \/>\nExsultemus et in ipso jucundemur.<br \/>\nTimeamus et amemus Deum vivum.<br \/>\nEt ex corde diligamus sincero.<\/p>\n<p>&nbsp;<\/p>\n<p>Waar liefde is, daar is God.<br \/>\nDe liefde van Christus heeft ons verenigd.<br \/>\nLaat ons juichen en blij zijn in Hem.<br \/>\nLaat ons de levende God vrezen<br \/>\nen met een oprecht hart liefhebben.<\/p>\n","protected":false},"excerpt":{"rendered":"<p>Zo blijft het dan: geloof, hoop, liefde, &#8211; deze drie; &nbsp; Wanneer je iemand \u2013 die je niet kent \u2013 heel erg ziet huilen, wat doe je dan? Alsof je niks merkt? Je maakt je uit de voeten? Het is immers jou zaak of probleem niet? Of haal je een glaasje water voor zo iemand. &hellip; <\/p>\n<p class=\"link-more\"><a href=\"https:\/\/www.vergaderingalkmaar.nl\/?page_id=1137\" class=\"more-link\"><span class=\"screen-reader-text\">&#8220;Preek zondag 26 juni 2016&#8221;<\/span> verder lezen<\/a><\/p>\n","protected":false},"author":3,"featured_media":0,"parent":588,"menu_order":0,"comment_status":"closed","ping_status":"closed","template":"","meta":[],"_links":{"self":[{"href":"https:\/\/www.vergaderingalkmaar.nl\/index.php?rest_route=\/wp\/v2\/pages\/1137"}],"collection":[{"href":"https:\/\/www.vergaderingalkmaar.nl\/index.php?rest_route=\/wp\/v2\/pages"}],"about":[{"href":"https:\/\/www.vergaderingalkmaar.nl\/index.php?rest_route=\/wp\/v2\/types\/page"}],"author":[{"embeddable":true,"href":"https:\/\/www.vergaderingalkmaar.nl\/index.php?rest_route=\/wp\/v2\/users\/3"}],"replies":[{"embeddable":true,"href":"https:\/\/www.vergaderingalkmaar.nl\/index.php?rest_route=%2Fwp%2Fv2%2Fcomments&post=1137"}],"version-history":[{"count":1,"href":"https:\/\/www.vergaderingalkmaar.nl\/index.php?rest_route=\/wp\/v2\/pages\/1137\/revisions"}],"predecessor-version":[{"id":1141,"href":"https:\/\/www.vergaderingalkmaar.nl\/index.php?rest_route=\/wp\/v2\/pages\/1137\/revisions\/1141"}],"up":[{"embeddable":true,"href":"https:\/\/www.vergaderingalkmaar.nl\/index.php?rest_route=\/wp\/v2\/pages\/588"}],"wp:attachment":[{"href":"https:\/\/www.vergaderingalkmaar.nl\/index.php?rest_route=%2Fwp%2Fv2%2Fmedia&parent=1137"}],"curies":[{"name":"wp","href":"https:\/\/api.w.org\/{rel}","templated":true}]}}