{"id":1114,"date":"2016-05-22T22:11:32","date_gmt":"2016-05-22T21:11:32","guid":{"rendered":"http:\/\/www.vergaderingalkmaar.nl\/?page_id=1114"},"modified":"2016-05-23T07:28:54","modified_gmt":"2016-05-23T06:28:54","slug":"preek-zondag-22-mei-2016","status":"publish","type":"page","link":"https:\/\/www.vergaderingalkmaar.nl\/?page_id=1114","title":{"rendered":"Preek zondag 22 mei 2016"},"content":{"rendered":"<h3 style=\"text-align: center;\"><span style=\"color: #0000ff;\"><strong>Toen Jezus Christus in de nacht waarin Hij werd verraden<\/strong><\/span><\/h3>\n<p>&nbsp;<\/p>\n<p>Je hoort vandaag de dag soms van christenen de opvatting dat zondigen niet zo heel erg is. God vergeeft toch wel. Want Hij is genadig. Een volkomen on-Bijbelse misvatting! Met Paulus (Rom. 6: 15): <span style=\"color: #ff0000;\">Wat krijgen we dan?- moeten wij zondigen omdat we niet onder een wet staan maar onder genade? Dat zij verre!<\/span><\/p>\n<p>&nbsp;<\/p>\n<p>Onthutsend is wat Gandhi schreef over zulke christenen (en hoe scherp zijn analyse was):<\/p>\n<p>&nbsp;<\/p>\n<p><span style=\"color: #0000ff;\">Gandhi schrijft in zijn autobiografie:<a style=\"color: #0000ff;\" href=\"#_ftn1\" name=\"_ftnref\">[1]<\/a><\/span><\/p>\n<p><span style=\"color: #0000ff;\">\u201d<em>In een gesprek met een paar christelijke vrienden kwam een van hen met uitspraken die ik niet had verwacht:<\/em> \u2026\u2026\u2026\u2026\u2026\u2026..<em> Onze zonden bezwaren ons niet, omdat we geloven dat Jezus voor ons verzoening heeft gedaan. Wij moeten wel zondigen, het is onmogelijk om in deze wereld zondeloos te leven. Daarom moest Jezus lijden en de zonde van alle mensen verzoenen. Alleen wie zijn verlossing aannemen krijgen eeuwig leven. Bedenk eens wat een rusteloos leven u hebt, en wat een belofte van vrede wij hebben gekregen.\u201d\u2028\u2028<\/em><\/span><\/p>\n<p><span style=\"color: #0000ff;\">Dit kon mij (Gandhi, ws) allerminst overtuigen. Ik antwoordde<em>: <strong>\u2018Als dat christendom is, kan ik me daardoor niet laten overtuigen. Ik zoek geen verlossing van de gevolgen van mijn zonde, ik wil verlost worden van de zonde zelf, of beter gezegd: van de zondige gedachte. Totdat ik dat bereikt heb zal ik tevreden zijn met rusteloosheid.\u2019<\/strong> \u2028<\/em><\/span><\/p>\n<p><span style=\"color: #0000ff;\">Over die persoon schrijft Gandhi verder: <em>\u201cHet bleek ook dat hij achter z\u2019n woorden stond. Hij zondigde met open ogen, en maakte me duidelijk dat het denken daaraan hem niet in het allerminst bezwaarde.\u201d<\/em><\/span><\/p>\n<p><em>\u00a0<img loading=\"lazy\" class=\"aligncenter size-full wp-image-1119\" src=\"http:\/\/www.vergaderingalkmaar.nl\/wp-content\/uploads\/2016\/05\/Mephibosheth_kneels_before_David.gif\" alt=\"Mephibosheth_kneels_before_David\" width=\"401\" height=\"467\" \/><\/em><\/p>\n<p>De geschiedenis van David en Mefibosjet (2 Sam. 9: 1 \u2013 13) geeft een helder beeld van wat genade werkelijk is.<\/p>\n<p>&nbsp;<\/p>\n<p>David stelt aan zijn hofhouding een opmerkelijke vraag: <span style=\"color: #ff0000;\">wie is er nog die is overgebleven van het huis van Saul?- ik wil hem vriendschap bewijzen, omwille van Jehonatan!<\/span> David vraagt naar de familie van zijn grootste vijand. En dat niet om zo een afstammeling alsnog een kopje kleiner te maken (wat heel gewoon was in die tijd). Maar juist om genade te bewijzen! David is hier een beeld van God zelf. God die volgelingen van Zijn grootste vijand \u2013 Satan \u2013 opzoekt om hen genade te betonen.<\/p>\n<p>Tsiva, een gewezen knecht van Saul, kent er nog wel \u00e9\u00e9n: Mefibosjet. Die woonde in de plaats Lo Devar, in het huis van ene Machier, zoon van Ami\u00ebl. Probleem was wel dat deze Mefibosjet verlamd was aan beide voeten; David haatte kreupelen met heel zijn ziel (hfdst 5: 8).<\/p>\n<p>David laat desondanks Mefibosjet halen. Het laat zich raden dat Mefibosjet de ontmoeting met grote angst tegemoet zag. Hij gooit zich voor David op de grond. David zegt tot hem: <span style=\"color: #ff0000;\">vrees niet, want ik wil je daadwerkelijk vriendschap bewijzen, omwille van Jehonatan, jouw vader.<\/span> De naam Jehonatan betekent \u2018<em>God heeft gegeven<\/em>.\u2019 Jehonatan is beeld van de Heer Jezus. God bewijst ons genade omwille van Zijn Zoon.<\/p>\n<p>&nbsp;<\/p>\n<p>David had nu kunnen zeggen: \u201c<em>ik heb je vergeven, maar nu moet je wel wegwezen natuurlijk!\u201d <\/em> Niets daarvan, integendeel juist: David geeft Mefibosjet vier zegeningen:<\/p>\n<ul>\n<li>Hij krijgt <span style=\"color: #ff0000;\">al wat van Saul geweest is en van heel zijn huis<\/span> weer als bezit!\n<ul>\n<li>Zo krijgen wij alle zegeningen in de hemelse gewesten in Christus (Ef. 1: 3)<\/li>\n<\/ul>\n<\/li>\n<li><span style=\"color: #ff0000;\">jijzelf eet voortaan je brood aan mijn tafel<\/span>\n<ul>\n<li>En wij eten het avondmaal, indachtig onze redding en Gods genade<\/li>\n<\/ul>\n<\/li>\n<li>Tsiva moet het land van Mefibosjet bewerken en hem de opbrengst geven\n<ul>\n<li>Zo helpt de Heilige Geest ons en helpt ons aan geestelijk voedsel<\/li>\n<\/ul>\n<\/li>\n<li><span style=\"color: #ff0000;\">Mefibosjet zal eten aan mijn tafel als een van de zonen van de koning!<\/span>\n<ul>\n<li>Wij hebben als zonen van God een positie die maakt dat onze erfenis zeker is!<\/li>\n<\/ul>\n<\/li>\n<\/ul>\n<p>&nbsp;<\/p>\n<p>Genade is Gods cadeau aan ons. De koning zelf biedt het aan. Het is gratis voor de ontvanger, maar Gods Zoon moest ervoor de dood in.<\/p>\n<p>Mefibosjet verhuisde naar Jeruzalem. Om dagelijks in de invloedssfeer van de koning te zijn. En zijn dankbaarheid voor de ontvangen genade te tonen. Doen wij dat ook? Eren wij met diep ontzag, door bidden en bijbel lezen:<\/p>\n<ul>\n<li>De ware David: God zelf, die op onze redding was bedacht<\/li>\n<li>De ware Jehonatan: de Heer Jezus zelf die Zijn leven gaf<\/li>\n<\/ul>\n<p>&nbsp;<\/p>\n<h3 style=\"text-align: center;\"><span style=\"color: #0000ff;\"><strong>op onze redding was bedacht, volbracht Hij Gods genade.<\/strong><\/span><\/h3>\n<h6><em>Als Jesus Christus in der Nacht<\/em><em>, BWV 265, tekst Ria Borkent, uit: Een vleugje eeuwigheid <\/em><\/h6>\n<h6><a href=\"#_ftnref\" name=\"_ftn1\">[1]<\/a> <em>An Autobiography, or The Story of my Experiments with Truth <\/em>door M.K. Gandhi, 1927-1929.<\/h6>\n","protected":false},"excerpt":{"rendered":"<p>Toen Jezus Christus in de nacht waarin Hij werd verraden &nbsp; Je hoort vandaag de dag soms van christenen de opvatting dat zondigen niet zo heel erg is. God vergeeft toch wel. Want Hij is genadig. Een volkomen on-Bijbelse misvatting! Met Paulus (Rom. 6: 15): Wat krijgen we dan?- moeten wij zondigen omdat we niet &hellip; <\/p>\n<p class=\"link-more\"><a href=\"https:\/\/www.vergaderingalkmaar.nl\/?page_id=1114\" class=\"more-link\"><span class=\"screen-reader-text\">&#8220;Preek zondag 22 mei 2016&#8221;<\/span> verder lezen<\/a><\/p>\n","protected":false},"author":3,"featured_media":0,"parent":588,"menu_order":0,"comment_status":"closed","ping_status":"closed","template":"","meta":[],"_links":{"self":[{"href":"https:\/\/www.vergaderingalkmaar.nl\/index.php?rest_route=\/wp\/v2\/pages\/1114"}],"collection":[{"href":"https:\/\/www.vergaderingalkmaar.nl\/index.php?rest_route=\/wp\/v2\/pages"}],"about":[{"href":"https:\/\/www.vergaderingalkmaar.nl\/index.php?rest_route=\/wp\/v2\/types\/page"}],"author":[{"embeddable":true,"href":"https:\/\/www.vergaderingalkmaar.nl\/index.php?rest_route=\/wp\/v2\/users\/3"}],"replies":[{"embeddable":true,"href":"https:\/\/www.vergaderingalkmaar.nl\/index.php?rest_route=%2Fwp%2Fv2%2Fcomments&post=1114"}],"version-history":[{"count":3,"href":"https:\/\/www.vergaderingalkmaar.nl\/index.php?rest_route=\/wp\/v2\/pages\/1114\/revisions"}],"predecessor-version":[{"id":1121,"href":"https:\/\/www.vergaderingalkmaar.nl\/index.php?rest_route=\/wp\/v2\/pages\/1114\/revisions\/1121"}],"up":[{"embeddable":true,"href":"https:\/\/www.vergaderingalkmaar.nl\/index.php?rest_route=\/wp\/v2\/pages\/588"}],"wp:attachment":[{"href":"https:\/\/www.vergaderingalkmaar.nl\/index.php?rest_route=%2Fwp%2Fv2%2Fmedia&parent=1114"}],"curies":[{"name":"wp","href":"https:\/\/api.w.org\/{rel}","templated":true}]}}