{"id":1104,"date":"2016-05-15T20:04:57","date_gmt":"2016-05-15T19:04:57","guid":{"rendered":"http:\/\/www.vergaderingalkmaar.nl\/?page_id=1104"},"modified":"2016-05-23T07:05:09","modified_gmt":"2016-05-23T06:05:09","slug":"preek-zondag-15-mei-2016","status":"publish","type":"page","link":"https:\/\/www.vergaderingalkmaar.nl\/?page_id=1104","title":{"rendered":"Preek zondag 15 mei 2016"},"content":{"rendered":"<h3 style=\"text-align: center;\"><span style=\"color: #0000ff;\"><strong>Maar als we hopen op wat we niet kunnen bekijken,<\/strong><\/span><\/h3>\n<p><img loading=\"lazy\" class=\"aligncenter size-full wp-image-1116\" src=\"http:\/\/www.vergaderingalkmaar.nl\/wp-content\/uploads\/2016\/05\/2671035.jpg\" alt=\"2671035\" width=\"747\" height=\"500\" srcset=\"https:\/\/www.vergaderingalkmaar.nl\/wp-content\/uploads\/2016\/05\/2671035.jpg 747w, https:\/\/www.vergaderingalkmaar.nl\/wp-content\/uploads\/2016\/05\/2671035-300x201.jpg 300w\" sizes=\"(max-width: 706px) 89vw, (max-width: 767px) 82vw, 740px\" \/><\/p>\n<p>We kennen allemaal de borden langs de weg die aankondigen dat daar iets groots staat te gebeuren. In Badhoevedorp gaat de A9 ondergronds. Heel het dorp blij. En het werk is in volle gang.<\/p>\n<p>Of in Heerhugowaard: <span style=\"color: #0000ff;\"><em>MCA bouwt hier h\u00e9t ziekenhuis van de toekomst. Geplande oplevering: eind 2015. <\/em><\/span>Wie hier de ontwikkelingen een beetje volgt gelooft er niet meer zo in. Nimmer enige activiteit te zien geweest. En \u2018<em>eind 2015\u2019<\/em> is inmiddels ruim verstreken\u2026..<\/p>\n<p>&nbsp;<\/p>\n<p>In het Bijbelgedeelte dat we lezen (Hand. 1: 1 \u2013 11) staan twee beloftes. De ene werd tien dagen nadat de belofte werd gedaan ingelost (en wordt nog dagelijks vervuld), de ander is nog toekomst.<\/p>\n<p>&nbsp;<\/p>\n<p><strong>De eerste belofte<\/strong> betreft de doop met de heilige Geest (: 5) <span style=\"color: #ff0000;\">g\u00edj zult worden gedoopt met heilige geestesadem, na deze niet vele dagen!<\/span> De aankondiging van die gebeurtenis staat onder andere al in Johannes 16: 7.<\/p>\n<p>De vervulling van die belofte liet niet lang op zich wachten. Tien dagen later (Hand. 2: 3) beschrijft Lukas het volgende: <span style=\"color: #ff0000;\">Er laten zich aan hen zien: tongen -die zich verdelen- als van vuur; het zet zich neer op ieder van hen.<\/span><\/p>\n<p>Op dat ene moment werd Christus\u2019 kerk geboren. En vanaf dat moment wordt iedereen die Christus\u2019 dood aanvaardt als zoenoffer voor zijn zonden gerechtvaardigd en ontvangt op hetzelfde moment de heilige Geest. 1 Kor. 12: 13 zegt dat zo: <span style=\"color: #ff0000;\">want ook door \u00e9\u00e9n Geest zijn wij allen gedoopt tot \u00e9\u00e9n lichaam, hetzij Judee\u00ebrs hetzij Hellenen, hetzij slaven hetzij vrijen, en allen zijn wij met \u00e9\u00e9n Geest gedrenkt.<\/span> De doop met de heilige Geest bestempelt de christelijke kerk tot een eenheid. Er is maar \u00e9\u00e9n heilige Geest. En dus ook maar \u00e9\u00e9n lichaam van Christus, de kerk. Die eenheid zit \u2018m niet in de naam van de lokale kerk of de denominatie waartoe we behoren. De eenheid ligt vast in de heilige Geest. Daarin ligt de ware identiteit van de christelijke kerk op aarde.<\/p>\n<p>&nbsp;<\/p>\n<p>Maar de heilige Geest doopt niet alleen de gelovigen tot lid van Christus\u2019 lichaam. Hij vervult ook elke gelovige met het doel (:8) <span style=\"color: #ff0000;\">ge zult kracht opnemen van de heilige geestesadem die over u komt, en ge zult getuigen van mij in Jeruzalem en in heel Judea en Samaria, ja tot het uiteinde van het aardland!<\/span><\/p>\n<p>In hoofdstuk 2: 4 lezen we over de eerste uiting van da getuigen. Alle mensen die in Jeruzalem waren vanwege het Pinksterfeest hoorden de christenen spreken in hun eigen landstaal. Sinds de spraakverwarring van Babel was zoiets nooit vertoond.<\/p>\n<p>De heilige Geest vervult ons christenen met het doel dat we God grootmaken. Dat we kracht ontvangen om ons christelijk getuigenis te geven.<\/p>\n<p>&nbsp;<\/p>\n<p><strong>De tweede belofte <\/strong>lezen we in vers 11. Stel je voor in wat voor een emotionele achtbaan de discipelen drie\u00ebnveertig dagen hebben gezeten. Ze zagen hun Heer sterven aan een kruis. En meenden dat met het graf elke hoop was vervlogen. Toen kwamen er vrouwen die zeiden dat ze Jezus levend hadden gezien! Daarna (1: 3) <span style=\"color: #ff0000;\">heeft hij ook, na zijn lijden, zich in vele merktekenen levend voorgesteld; gedurende veertig dagen heeft hij zich aan hen laten zien en tot hen gesproken over het koningschap van God.<\/span><\/p>\n<p>En dan, terwijl Hij met hen spreekt (1: 9), <span style=\"color: #ff0000;\">wordt hij, terwijl zij toekijken, opgeheven, en een wolk neemt hem weg van hun ogen.<\/span><\/p>\n<p>Wie zou dan niet opnieuw in verwarring geraken? Zou weer alle grond onder de voeten voelen wegzakken?<\/p>\n<p>Maar dan zijn er op datzelfde ogenblik twee mannen \u2013 engelen \u2013 die bij hen komen staan (1: 11) <span style=\"color: #ff0000;\">die ook z\u00e9ggen: Galilese mannen, wat staat ge te kijken naar de hemel?- hij, Jezus, die van u weg is\u00a0opgenomen ten hemel, zal op dezelfde wijze als ge hebt aanschouwd dat hij naar de hemel wegging,\u00a0k\u00f3men!<\/span><\/p>\n<p>&nbsp;<\/p>\n<p>Deze tweede belofte geeft de discipelen en vandaag de dag ook ons zekerheid voor de toekomst. Van Gods beloften kunnen we zeker zijn. Ze geven hoop en zekerheid. Anders dan het bord dat de bouw van een ziekenhuis aankondigt!<\/p>\n<p>Wij hebben nogal eens de neiging om niet verder te kijken dat het hier en nu. Niet meer te zien dan de tastbare dingen op korte (tijds)afstand. Maar er is hoop, een absoluut zekere hoop!<\/p>\n<p>&nbsp;<\/p>\n<p style=\"text-align: center;\"><span style=\"color: #0000ff;\"><em>Die hoop moet al ons leed verzachten.<\/em><\/span><\/p>\n<p style=\"text-align: center;\"><span style=\"color: #0000ff;\"><em>Komt, reisgenoten, &#8217;t hoofd omhoog!<\/em><\/span><\/p>\n<p><em>\u00a0<\/em><\/p>\n<p>&nbsp;<\/p>\n<h3 style=\"text-align: center;\"><span style=\"color: #0000ff;\"><strong>moeten we in volharding afwachten.<\/strong><\/span><\/h3>\n<h5 style=\"text-align: right;\">Rom. 8: 25<\/h5>\n","protected":false},"excerpt":{"rendered":"<p>Maar als we hopen op wat we niet kunnen bekijken, We kennen allemaal de borden langs de weg die aankondigen dat daar iets groots staat te gebeuren. In Badhoevedorp gaat de A9 ondergronds. Heel het dorp blij. En het werk is in volle gang. Of in Heerhugowaard: MCA bouwt hier h\u00e9t ziekenhuis van de toekomst. &hellip; <\/p>\n<p class=\"link-more\"><a href=\"https:\/\/www.vergaderingalkmaar.nl\/?page_id=1104\" class=\"more-link\"><span class=\"screen-reader-text\">&#8220;Preek zondag 15 mei 2016&#8221;<\/span> verder lezen<\/a><\/p>\n","protected":false},"author":3,"featured_media":0,"parent":588,"menu_order":0,"comment_status":"closed","ping_status":"closed","template":"","meta":[],"_links":{"self":[{"href":"https:\/\/www.vergaderingalkmaar.nl\/index.php?rest_route=\/wp\/v2\/pages\/1104"}],"collection":[{"href":"https:\/\/www.vergaderingalkmaar.nl\/index.php?rest_route=\/wp\/v2\/pages"}],"about":[{"href":"https:\/\/www.vergaderingalkmaar.nl\/index.php?rest_route=\/wp\/v2\/types\/page"}],"author":[{"embeddable":true,"href":"https:\/\/www.vergaderingalkmaar.nl\/index.php?rest_route=\/wp\/v2\/users\/3"}],"replies":[{"embeddable":true,"href":"https:\/\/www.vergaderingalkmaar.nl\/index.php?rest_route=%2Fwp%2Fv2%2Fcomments&post=1104"}],"version-history":[{"count":3,"href":"https:\/\/www.vergaderingalkmaar.nl\/index.php?rest_route=\/wp\/v2\/pages\/1104\/revisions"}],"predecessor-version":[{"id":1118,"href":"https:\/\/www.vergaderingalkmaar.nl\/index.php?rest_route=\/wp\/v2\/pages\/1104\/revisions\/1118"}],"up":[{"embeddable":true,"href":"https:\/\/www.vergaderingalkmaar.nl\/index.php?rest_route=\/wp\/v2\/pages\/588"}],"wp:attachment":[{"href":"https:\/\/www.vergaderingalkmaar.nl\/index.php?rest_route=%2Fwp%2Fv2%2Fmedia&parent=1104"}],"curies":[{"name":"wp","href":"https:\/\/api.w.org\/{rel}","templated":true}]}}